{"id":1734,"date":"2021-12-20T14:23:08","date_gmt":"2021-12-20T14:23:08","guid":{"rendered":"https:\/\/biogailly.be\/a-propos\/"},"modified":"2022-03-11T10:31:57","modified_gmt":"2022-03-11T10:31:57","slug":"over-ons","status":"publish","type":"page","link":"https:\/\/biogailly.be\/nl-be\/over-ons\/","title":{"rendered":"Over ons"},"content":{"rendered":"<div class=\"wpb-content-wrapper\"><p>[vc_row equal_height=&#8221;yes&#8221; content_placement=&#8221;middle&#8221; amy_add_container=&#8221;yes&#8221; css=&#8221;.vc_custom_1643201879696{margin-top: 50px !important;}&#8221;][vc_column css_animation=&#8221;fadeInLeft&#8221; width=&#8221;1\/2&#8243;][vc_column_text css=&#8221;.vc_custom_1646994002466{padding-right: 50px !important;}&#8221;]<\/p>\n<h2 style=\"color: #1a4d2a; text-align: left;\">EEN FAMILIEGESCHIEDENIS<\/h2>\n<p>&nbsp;<\/p>\n<p>Bij de Gailly\u2019s is op het land werken een echte passie die van vader op zoon wordt doorgegeven.<\/p>\n<p>Met grootouders, een oom en grootoom in de landbouw en ouders die bomen kweekten, kreeg Florent de liefde voor het vak met de paplepel ingegeven.[\/vc_column_text]<div class=\"smile_icon_list_wrap ult_info_list_container ult-adjust-bottom-margin nomobile  vc_custom_1643983895644\"><ul class=\"smile_icon_list top circle with_bg\"><li class=\"icon_list_item\" style=\" font-size:105px;\"><div class=\"icon_list_icon\" data-animation=\"\" data-animation-delay=\"03\" style=\"font-size:35px;border-width:1px;border-style:none;background:#ffffff;color:#333333;border-color:#333333;\"><img decoding=\"async\" class=\"list-img-icon\" alt=\"null\" src=\"https:\/\/biogailly.be\/wp-content\/uploads\/2022\/01\/square_Bio_Gailly_legumes_guimpoux_13-1024x1024.jpg\"\/><\/div><div class=\"icon_description\" id=\"Info-list-wrap-1075\" style=\"font-size:35px;\"><div class=\"icon_description_text ult-responsive\"  data-ultimate-target='#Info-list-wrap-1075 .icon_description_text'  data-responsive-json-new='{\"font-size\":\"desktop:13px;\",\"line-height\":\"desktop:18px;\"}'  style=\"\"><\/div><\/div><div class=\"icon_list_connector\" data-animation=\"fadeInLeft\" data-animation-delay=\"03\" style=\"border-top-width: 1px;border-top-style: dashed;border-color: #ddccb0;\"><\/div><\/li><li class=\"icon_list_item\" style=\" font-size:105px;\"><div class=\"icon_list_icon\" data-animation=\"\" data-animation-delay=\"03\" style=\"font-size:35px;border-width:1px;border-style:none;background:#ffffff;color:#333333;border-color:#333333;\"><img decoding=\"async\" class=\"list-img-icon\" alt=\"null\" src=\"https:\/\/biogailly.be\/wp-content\/uploads\/2022\/01\/square_Bio_Gailly_legumes_guimpoux_34-1024x1024.jpg\"\/><\/div><div class=\"icon_description\" id=\"Info-list-wrap-2935\" style=\"font-size:35px;\"><div class=\"icon_description_text ult-responsive\"  data-ultimate-target='#Info-list-wrap-2935 .icon_description_text'  data-responsive-json-new='{\"font-size\":\"desktop:13px;\",\"line-height\":\"desktop:18px;\"}'  style=\"\"><\/div><\/div><div class=\"icon_list_connector\" data-animation=\"fadeInLeft\" data-animation-delay=\"03\" style=\"border-top-width: 1px;border-top-style: dashed;border-color: #ddccb0;\"><\/div><\/li><li class=\"icon_list_item\" style=\" font-size:105px;\"><div class=\"icon_list_icon\" data-animation=\"\" data-animation-delay=\"03\" style=\"font-size:35px;border-width:1px;border-style:none;background:#ffffff;color:#333333;border-color:#333333;\"><img decoding=\"async\" class=\"list-img-icon\" alt=\"null\" src=\"https:\/\/biogailly.be\/wp-content\/uploads\/2022\/01\/square_Bio_Gailly_legumes_guimpoux_21-1024x1024.jpg\"\/><\/div><div class=\"icon_description\" id=\"Info-list-wrap-2195\" style=\"font-size:35px;\"><div class=\"icon_description_text ult-responsive\"  data-ultimate-target='#Info-list-wrap-2195 .icon_description_text'  data-responsive-json-new='{\"font-size\":\"desktop:13px;\",\"line-height\":\"desktop:18px;\"}'  style=\"\"><\/div><\/div><div class=\"icon_list_connector\" data-animation=\"fadeInLeft\" data-animation-delay=\"03\" style=\"border-top-width: 1px;border-top-style: dashed;border-color: #ddccb0;\"><\/div><\/li><\/ul><\/div>[\/vc_column][vc_column css_animation=&#8221;fadeInRight&#8221; width=&#8221;1\/2&#8243;][vc_single_image image=&#8221;1180&#8243; img_size=&#8221;full&#8221; alignment=&#8221;center&#8221; style=&#8221;vc_box_border&#8221;][\/vc_column][\/vc_row][vc_row equal_height=&#8221;yes&#8221; content_placement=&#8221;middle&#8221; amy_add_container=&#8221;yes&#8221; bg_type=&#8221;bg_color&#8221; css=&#8221;.vc_custom_1643210494982{margin-top: 10px !important;padding-top: 30px !important;}&#8221; bg_color_value=&#8221;#f7f7f7&#8243;][vc_column css_animation=&#8221;fadeInLeft&#8221; width=&#8221;1\/2&#8243;][vc_single_image image=&#8221;1190&#8243; img_size=&#8221;full&#8221; alignment=&#8221;center&#8221; style=&#8221;vc_box_border&#8221;][\/vc_column][vc_column css_animation=&#8221;fadeInRight&#8221; width=&#8221;1\/2&#8243;][vc_column_text]<\/p>\n<h2 style=\"color: #1a4d2a;\">DE ZIN OM BIOLOGISCH TE PRODUCEREN<\/h2>\n<p>&nbsp;<\/p>\n<p>Toen Florent Gailly zijn diploma van landbouwtechnicus op zak had, vertrok hij naar Frankrijk om er een opleiding tot groenteteler te volgen. Hij kreeg er de kans om zijn lessen aan het CFPPA van Rouffach af te wisselen met zijn werk op een bioboerderij in de Elzas.<\/p>\n<p>Een heel jaar lang maakte hij zich vertrouwd met de geschikte technieken om een divers assortiment groenten biologisch te telen.<\/p>\n<p>Terug in \u2018zijn\u2019 Guimpoux, gaat Florent in 2011 aan de slag om in onze contreien te produceren en de consumenten smakelijke, kwaliteitsvolle groenten aan te bieden. Na een jaar produceren merkt hij dat het tijd wordt om te gaan commercialiseren. Het wordt de start van de rechtstreekse verkoop elke zaterdagochtend en door de mond-tot-mondreclame wordt zijn winkeltje al snel populair.[\/vc_column_text][\/vc_column][\/vc_row][vc_row amy_add_container=&#8221;yes&#8221; bg_type=&#8221;image&#8221; css=&#8221;.vc_custom_1643817633302{background-image: url(https:\/\/biogailly.be\/wp-content\/uploads\/2021\/12\/BIOGAILLY_ELEMENTS_WEBSITE-scaled.jpg?id=916) !important;}&#8221;][vc_column]<div id=\"amy-organic-heading-1\" class=\"amy-shortcode amy-organic-heading titrecertif\"><h3 style=\"color: #1a4d2a;font-size: 35px;\">CERTIFICERINGEN: EEN KWALITEITSGARANTIE<\/h3><\/div>[vc_column_text]<\/p>\n<p style=\"text-align: center;\">Kwaliteitsvolle biologische groenten produceren is voor BioGailly de grootste prioriteit.<br \/>\nHet bedrijf kreeg op dat vlak verschillende labels toegekend die daarvan blijk geven.<\/p>\n<p>[\/vc_column_text][vc_row_inner css=&#8221;.vc_custom_1643817894006{margin-top: 70px !important;padding-right: 50px !important;padding-left: 50px !important;}&#8221;][vc_column_inner width=&#8221;1\/4&#8243;]\n<div id=\"interactive-banner-1-wrap-3091\" class=\"ult-banner-block ult-adjust-bottom-margin ult-bb-none  banner-style13 \"   style=\"\">\n\t<img decoding=\"async\" src=\"https:\/\/biogailly.be\/wp-content\/uploads\/2022\/01\/fldw_clr_240_Biogailly.png\" alt=\"null\">\n\t<h3  data-ultimate-target='#interactive-banner-1-wrap-3091 .bb-top-title '  data-responsive-json-new='{\"font-size\":\"\",\"line-height\":\"\"}'  class=\"title-center bb-top-title ult-responsive\" style=\"font-weight:normal;background:rgba(255,255,255,0.01);color:#1a4d2a;\">Fruits &amp; l\u00e9gumes de Wallonie<\/h3>\n\t<div class=\"mask opaque-background\" style=\"background:rgba(36,36,36,0.01);\">\n\t\t<div  data-ultimate-target='#interactive-banner-1-wrap-3091 .bb-description'  data-responsive-json-new='{\"font-size\":\"\",\"line-height\":\"\"}'  class=\"bb-description ult-responsive\" style=\"font-weight:normal;color:#ffffff;\"><\/div>\n\t<\/div>\n<\/div>[\/vc_column_inner][vc_column_inner width=&#8221;1\/4&#8243;]\n<div id=\"interactive-banner-1-wrap-1647\" class=\"ult-banner-block ult-adjust-bottom-margin ult-bb-none  banner-style13 \"   style=\"\">\n\t<img decoding=\"async\" src=\"https:\/\/biogailly.be\/wp-content\/uploads\/2022\/01\/certisys_clr_240_Biogailly.png\" alt=\"null\">\n\t<h3  data-ultimate-target='#interactive-banner-1-wrap-1647 .bb-top-title '  data-responsive-json-new='{\"font-size\":\"\",\"line-height\":\"\"}'  class=\"title-center bb-top-title ult-responsive\" style=\"font-weight:normal;background:rgba(255,255,255,0.01);color:#1a4d2a;\">Certisys - Bio certification<\/h3>\n\t<div class=\"mask opaque-background\" style=\"background:rgba(36,36,36,0.01);\">\n\t\t<div  data-ultimate-target='#interactive-banner-1-wrap-1647 .bb-description'  data-responsive-json-new='{\"font-size\":\"\",\"line-height\":\"\"}'  class=\"bb-description ult-responsive\" style=\"font-weight:normal;color:#ffffff;\"><\/div>\n\t<\/div>\n<\/div>[\/vc_column_inner][vc_column_inner width=&#8221;1\/4&#8243;]\n<div id=\"interactive-banner-1-wrap-6707\" class=\"ult-banner-block ult-adjust-bottom-margin ult-bb-none  banner-style13 \"   style=\"\">\n\t<img decoding=\"async\" src=\"https:\/\/biogailly.be\/wp-content\/uploads\/2022\/01\/afsca_clr_240_Biogailly.png\" alt=\"null\">\n\t<h3  data-ultimate-target='#interactive-banner-1-wrap-6707 .bb-top-title '  data-responsive-json-new='{\"font-size\":\"\",\"line-height\":\"\"}'  class=\"title-center bb-top-title ult-responsive\" style=\"font-weight:normal;background:rgba(255,255,255,0.01);color:#1a4d2a;\">AF S\u00e9curit\u00e9 de la Chaine Alimentaire<\/h3>\n\t<div class=\"mask opaque-background\" style=\"background:rgba(36,36,36,0.01);\">\n\t\t<div  data-ultimate-target='#interactive-banner-1-wrap-6707 .bb-description'  data-responsive-json-new='{\"font-size\":\"\",\"line-height\":\"\"}'  class=\"bb-description ult-responsive\" style=\"font-weight:normal;color:#ffffff;\"><\/div>\n\t<\/div>\n<\/div>[\/vc_column_inner][vc_column_inner width=&#8221;1\/4&#8243;]\n<div id=\"interactive-banner-1-wrap-7934\" class=\"ult-banner-block ult-adjust-bottom-margin ult-bb-none  banner-style13 \"   style=\"\">\n\t<img decoding=\"async\" src=\"https:\/\/biogailly.be\/wp-content\/uploads\/2022\/01\/cim_clr_240_Biogailly.png\" alt=\"null\">\n\t<h3  data-ultimate-target='#interactive-banner-1-wrap-7934 .bb-top-title '  data-responsive-json-new='{\"font-size\":\"\",\"line-height\":\"\"}'  class=\"title-center bb-top-title ult-responsive\" style=\"font-weight:normal;background:rgba(255,255,255,0.01);color:#1a4d2a;\">Centre interpro. Mara\u00eecher<\/h3>\n\t<div class=\"mask opaque-background\" style=\"background:rgba(36,36,36,0.01);\">\n\t\t<div  data-ultimate-target='#interactive-banner-1-wrap-7934 .bb-description'  data-responsive-json-new='{\"font-size\":\"\",\"line-height\":\"\"}'  class=\"bb-description ult-responsive\" style=\"font-weight:normal;color:#ffffff;\"><\/div>\n\t<\/div>\n<\/div>[\/vc_column_inner][\/vc_row_inner][\/vc_column][\/vc_row][vc_row equal_height=&#8221;yes&#8221; content_placement=&#8221;middle&#8221; amy_add_container=&#8221;yes&#8221; bg_type=&#8221;bg_color&#8221; css=&#8221;.vc_custom_1643212969104{padding-top: 30px !important;}&#8221; bg_color_value=&#8221;#f7f7f7&#8243;][vc_column css_animation=&#8221;fadeInLeft&#8221; width=&#8221;1\/2&#8243;][vc_column_text]<\/p>\n<h2 style=\"color: #1a4d2a;\">ONTSTAAN VAN DE MOESTUIN VAN GUIMPOUX<\/h2>\n<p>In 2014 krijgt de jonge producent te maken met nieuwe uitdagingen om een groeiend aantal klanten tevreden te houden. Hij moet op zoek gaan naar specifiek productiemateriaal en de nodige arbeidskrachten voor zijn uitbreiding.<\/p>\n<p>&nbsp;<\/p>\n<p>Dankzij die investeringen ontstond \u2018Le Potager du Guimpoux\u2019, waarmee Florent zijn marktpositie kracht kon bijzetten.[\/vc_column_text][\/vc_column][vc_column css_animation=&#8221;fadeInRight&#8221; width=&#8221;1\/2&#8243;][vc_single_image image=&#8221;1220&#8243; img_size=&#8221;full&#8221; alignment=&#8221;center&#8221; style=&#8221;vc_box_border&#8221;][\/vc_column][\/vc_row][vc_row equal_height=&#8221;yes&#8221; content_placement=&#8221;middle&#8221; amy_add_container=&#8221;yes&#8221; css=&#8221;.vc_custom_1643817444500{margin-top: 50px !important;}&#8221;][vc_column css_animation=&#8221;fadeInLeft&#8221; width=&#8221;1\/2&#8243;][vc_single_image image=&#8221;1226&#8243; img_size=&#8221;full&#8221; alignment=&#8221;center&#8221; style=&#8221;vc_box_border&#8221;][\/vc_column][vc_column css_animation=&#8221;fadeInRight&#8221; width=&#8221;1\/2&#8243;][vc_column_text]<\/p>\n<h2 style=\"color: #1a4d2a; text-align: left;\">SINDS HET ONTSTAAN ERVAN IS DE KLEINE MOESTUIN FLINK GE\u00cbVOLUEERD&#8230;<\/h2>\n<p>Het bedrijf dat ooit begon met een productie van 50 are aan groenten, bewerkt nu 15 ha met een team van een tiental personen in het seizoen.<br \/>\nZo wordt \u2018Le Potager du Guimpoux\u2019 in 2022 \u2018BioGailly\u2019 een groter landbouwbedrijf dat tegelijk trouw blijft aan alle waarden waar Florent Gailly belang aan hecht.<\/p>\n<p>Tegenwoordig specialiseert het bedrijf zich met name in asperges, broccoli, sla, uien, prei, bloemkolen, biologische aardappelen Allians en Agria made in Ardenne, en daarbij past het technieken en methodes toe die eigen zijn aan de teelt van die groenten.<br \/>\nDoor de samenwerking met andere producenten die gespecialiseerd zijn in hun eigen domein, hebben de klanten bij BioGailly een ruim assortiment groenten tot hun beschikking. Op die manier optimaliseert het bedrijf het rendement en de kwaliteit van de aangeboden producten.<\/p>\n<p>Florent hecht veel belang aan het technische aspect van zijn vak:<\/p>\n<ul>\n<li>de relatie tussen de planten en de omgeving en de weersomstandigheden<\/li>\n<li>de dienstverlening naar de klanten toe<\/li>\n<li>het werk vlot laten verlopen voor de arbeidskrachten<\/li>\n<\/ul>\n<p>[\/vc_column_text][\/vc_column][\/vc_row]<\/p>\n<\/div>","protected":false},"excerpt":{"rendered":"<p>[vc_row equal_height=&#8221;yes&#8221; content_placement=&#8221;middle&#8221; amy_add_container=&#8221;yes&#8221; css=&#8221;.vc_custom_1643201879696{margin-top: 50px !important;}&#8221;][vc_column css_animation=&#8221;fadeInLeft&#8221; width=&#8221;1\/2&#8243;][vc_column_text css=&#8221;.vc_custom_1646994002466{padding-right: 50px !important;}&#8221;] EEN FAMILIEGESCHIEDENIS &nbsp; Bij de Gailly\u2019s is op het land werken een echte passie die van vader op zoon wordt doorgegeven. Met grootouders, een oom en grootoom in de landbouw en ouders die bomen kweekten, kreeg Florent de liefde voor het vak met [&hellip;]<\/p>\n","protected":false},"author":1,"featured_media":0,"parent":0,"menu_order":0,"comment_status":"closed","ping_status":"closed","template":"","meta":{"footnotes":""},"class_list":["post-1734","page","type-page","status-publish","hentry"],"yoast_head":"<!-- This site is optimized with the Yoast SEO plugin v24.6 - https:\/\/yoast.com\/wordpress\/plugins\/seo\/ -->\n<title>Over ons - Bio Gailly - L\u00e9gumes bio du Guimpoux, production certifi\u00e9e<\/title>\n<meta name=\"description\" content=\"Parti d\u2019une production de 50 ares de l\u00e9gumes, Biogailly cultive de mani\u00e8re biologique toute une gamme diversifi\u00e9e de l\u00e9gumes sur 15ha.\" \/>\n<meta name=\"robots\" content=\"index, follow, max-snippet:-1, max-image-preview:large, max-video-preview:-1\" \/>\n<link rel=\"canonical\" href=\"https:\/\/biogailly.be\/nl-be\/over-ons\/\" \/>\n<meta property=\"og:locale\" content=\"nl_BE\" \/>\n<meta property=\"og:type\" content=\"article\" \/>\n<meta property=\"og:title\" content=\"Over ons - Bio Gailly - L\u00e9gumes bio du Guimpoux, production certifi\u00e9e\" \/>\n<meta property=\"og:description\" content=\"Parti d\u2019une production de 50 ares de l\u00e9gumes, Biogailly cultive de mani\u00e8re biologique toute une gamme diversifi\u00e9e de l\u00e9gumes sur 15ha.\" \/>\n<meta property=\"og:url\" content=\"https:\/\/biogailly.be\/nl-be\/over-ons\/\" \/>\n<meta property=\"og:site_name\" content=\"Bio Gailly\" \/>\n<meta property=\"article:modified_time\" content=\"2022-03-11T10:31:57+00:00\" \/>\n<meta name=\"twitter:card\" content=\"summary_large_image\" \/>\n<meta name=\"twitter:label1\" content=\"Geschatte leestijd\" \/>\n\t<meta name=\"twitter:data1\" content=\"3 minuten\" \/>\n<script type=\"application\/ld+json\" class=\"yoast-schema-graph\">{\"@context\":\"https:\/\/schema.org\",\"@graph\":[{\"@type\":\"WebPage\",\"@id\":\"https:\/\/biogailly.be\/nl-be\/over-ons\/\",\"url\":\"https:\/\/biogailly.be\/nl-be\/over-ons\/\",\"name\":\"Over ons - Bio Gailly - L\u00e9gumes bio du Guimpoux, production certifi\u00e9e\",\"isPartOf\":{\"@id\":\"https:\/\/biogailly.be\/#website\"},\"datePublished\":\"2021-12-20T14:23:08+00:00\",\"dateModified\":\"2022-03-11T10:31:57+00:00\",\"description\":\"Parti d\u2019une production de 50 ares de l\u00e9gumes, Biogailly cultive de mani\u00e8re biologique toute une gamme diversifi\u00e9e de l\u00e9gumes sur 15ha.\",\"breadcrumb\":{\"@id\":\"https:\/\/biogailly.be\/nl-be\/over-ons\/#breadcrumb\"},\"inLanguage\":\"nl-BE\",\"potentialAction\":[{\"@type\":\"ReadAction\",\"target\":[\"https:\/\/biogailly.be\/nl-be\/over-ons\/\"]}]},{\"@type\":\"BreadcrumbList\",\"@id\":\"https:\/\/biogailly.be\/nl-be\/over-ons\/#breadcrumb\",\"itemListElement\":[{\"@type\":\"ListItem\",\"position\":1,\"name\":\"Accueil\",\"item\":\"https:\/\/biogailly.be\/nl-be\/\"},{\"@type\":\"ListItem\",\"position\":2,\"name\":\"Over ons\"}]},{\"@type\":\"WebSite\",\"@id\":\"https:\/\/biogailly.be\/#website\",\"url\":\"https:\/\/biogailly.be\/\",\"name\":\"Bio Gailly\",\"description\":\"L\u00e9gumes bio du Guimpoux\",\"potentialAction\":[{\"@type\":\"SearchAction\",\"target\":{\"@type\":\"EntryPoint\",\"urlTemplate\":\"https:\/\/biogailly.be\/?s={search_term_string}\"},\"query-input\":{\"@type\":\"PropertyValueSpecification\",\"valueRequired\":true,\"valueName\":\"search_term_string\"}}],\"inLanguage\":\"nl-BE\"}]}<\/script>\n<!-- \/ Yoast SEO plugin. -->","yoast_head_json":{"title":"Over ons - Bio Gailly - L\u00e9gumes bio du Guimpoux, production certifi\u00e9e","description":"Parti d\u2019une production de 50 ares de l\u00e9gumes, Biogailly cultive de mani\u00e8re biologique toute une gamme diversifi\u00e9e de l\u00e9gumes sur 15ha.","robots":{"index":"index","follow":"follow","max-snippet":"max-snippet:-1","max-image-preview":"max-image-preview:large","max-video-preview":"max-video-preview:-1"},"canonical":"https:\/\/biogailly.be\/nl-be\/over-ons\/","og_locale":"nl_BE","og_type":"article","og_title":"Over ons - Bio Gailly - L\u00e9gumes bio du Guimpoux, production certifi\u00e9e","og_description":"Parti d\u2019une production de 50 ares de l\u00e9gumes, Biogailly cultive de mani\u00e8re biologique toute une gamme diversifi\u00e9e de l\u00e9gumes sur 15ha.","og_url":"https:\/\/biogailly.be\/nl-be\/over-ons\/","og_site_name":"Bio Gailly","article_modified_time":"2022-03-11T10:31:57+00:00","twitter_card":"summary_large_image","twitter_misc":{"Geschatte leestijd":"3 minuten"},"schema":{"@context":"https:\/\/schema.org","@graph":[{"@type":"WebPage","@id":"https:\/\/biogailly.be\/nl-be\/over-ons\/","url":"https:\/\/biogailly.be\/nl-be\/over-ons\/","name":"Over ons - Bio Gailly - L\u00e9gumes bio du Guimpoux, production certifi\u00e9e","isPartOf":{"@id":"https:\/\/biogailly.be\/#website"},"datePublished":"2021-12-20T14:23:08+00:00","dateModified":"2022-03-11T10:31:57+00:00","description":"Parti d\u2019une production de 50 ares de l\u00e9gumes, Biogailly cultive de mani\u00e8re biologique toute une gamme diversifi\u00e9e de l\u00e9gumes sur 15ha.","breadcrumb":{"@id":"https:\/\/biogailly.be\/nl-be\/over-ons\/#breadcrumb"},"inLanguage":"nl-BE","potentialAction":[{"@type":"ReadAction","target":["https:\/\/biogailly.be\/nl-be\/over-ons\/"]}]},{"@type":"BreadcrumbList","@id":"https:\/\/biogailly.be\/nl-be\/over-ons\/#breadcrumb","itemListElement":[{"@type":"ListItem","position":1,"name":"Accueil","item":"https:\/\/biogailly.be\/nl-be\/"},{"@type":"ListItem","position":2,"name":"Over ons"}]},{"@type":"WebSite","@id":"https:\/\/biogailly.be\/#website","url":"https:\/\/biogailly.be\/","name":"Bio Gailly","description":"L\u00e9gumes bio du Guimpoux","potentialAction":[{"@type":"SearchAction","target":{"@type":"EntryPoint","urlTemplate":"https:\/\/biogailly.be\/?s={search_term_string}"},"query-input":{"@type":"PropertyValueSpecification","valueRequired":true,"valueName":"search_term_string"}}],"inLanguage":"nl-BE"}]}},"jetpack_sharing_enabled":true,"_links":{"self":[{"href":"https:\/\/biogailly.be\/nl-be\/wp-json\/wp\/v2\/pages\/1734","targetHints":{"allow":["GET"]}}],"collection":[{"href":"https:\/\/biogailly.be\/nl-be\/wp-json\/wp\/v2\/pages"}],"about":[{"href":"https:\/\/biogailly.be\/nl-be\/wp-json\/wp\/v2\/types\/page"}],"author":[{"embeddable":true,"href":"https:\/\/biogailly.be\/nl-be\/wp-json\/wp\/v2\/users\/1"}],"replies":[{"embeddable":true,"href":"https:\/\/biogailly.be\/nl-be\/wp-json\/wp\/v2\/comments?post=1734"}],"version-history":[{"count":5,"href":"https:\/\/biogailly.be\/nl-be\/wp-json\/wp\/v2\/pages\/1734\/revisions"}],"predecessor-version":[{"id":1739,"href":"https:\/\/biogailly.be\/nl-be\/wp-json\/wp\/v2\/pages\/1734\/revisions\/1739"}],"wp:attachment":[{"href":"https:\/\/biogailly.be\/nl-be\/wp-json\/wp\/v2\/media?parent=1734"}],"curies":[{"name":"wp","href":"https:\/\/api.w.org\/{rel}","templated":true}]}}