{"id":1741,"date":"2022-01-27T08:52:19","date_gmt":"2022-01-27T08:52:19","guid":{"rendered":"https:\/\/biogailly.be\/biowinkel\/"},"modified":"2022-04-11T07:14:56","modified_gmt":"2022-04-11T07:14:56","slug":"biowinkel","status":"publish","type":"page","link":"https:\/\/biogailly.be\/nl-be\/biowinkel\/","title":{"rendered":"Biowinkel"},"content":{"rendered":"<div class=\"wpb-content-wrapper\"><p>[vc_row el_id=&#8221;head_magasin&#8221;][vc_column css_animation=&#8221;fadeInUp&#8221;]<div id=\"amy-organic-heading-1\" class=\"amy-shortcode amy-organic-heading \"><h3 style=\"color: #1a4d2a;font-size: 38px;\">ONTDEK ONZE PRODUCTEN<\/h3><\/div>[\/vc_column][\/vc_row][vc_row equal_height=&#8221;yes&#8221; content_placement=&#8221;middle&#8221; amy_add_container=&#8221;yes&#8221; css=&#8221;.vc_custom_1643878129387{margin-top: 50px !important;}&#8221; el_id=&#8221;ico_magasin&#8221;][vc_column css_animation=&#8221;fadeInUp&#8221;]<div class=\"smile_icon_list_wrap ult_info_list_container ult-adjust-bottom-margin  \"><ul class=\"smile_icon_list top circle with_bg\"><li class=\"icon_list_item\" style=\" font-size:180px;\"><div class=\"icon_list_icon\" data-animation=\"\" data-animation-delay=\"03\" style=\"font-size:60px;border-width:1px;border-style:none;background:#ffffff;color:#333333;border-color:#333333;\"><img decoding=\"async\" class=\"list-img-icon\" alt=\"null\" src=\"https:\/\/biogailly.be\/wp-content\/uploads\/2022\/01\/square_BioGailly_legumes_bio_maraicher_16-1024x1024.jpg\"\/><\/div><div class=\"icon_description\" id=\"Info-list-wrap-8696\" style=\"font-size:60px;\"><h3 class=\"ult-responsive info-list-heading\"  data-ultimate-target='#Info-list-wrap-8696 h3'  data-responsive-json-new='{\"font-size\":\"desktop:16px;\",\"line-height\":\"desktop:24px;\"}'  style=\"\">BASISPRODUCTEN<\/h3><div class=\"icon_description_text ult-responsive\"  data-ultimate-target='#Info-list-wrap-8696 .icon_description_text'  data-responsive-json-new='{\"font-size\":\"desktop:13px;\",\"line-height\":\"desktop:18px;\"}'  style=\"\"><p>Alle basisproducten om lekker te koken: bloem, eieren, melk, olie\u2026<\/p>\n<\/div><\/div><div class=\"icon_list_connector\" data-animation=\"fadeInLeft\" data-animation-delay=\"03\" style=\"border-top-width: 1px;border-top-style: dashed;border-color: #ddccb0;\"><\/div><\/li><li class=\"icon_list_item\" style=\" font-size:180px;\"><div class=\"icon_list_icon\" data-animation=\"\" data-animation-delay=\"03\" style=\"font-size:60px;border-width:1px;border-style:none;background:#ffffff;color:#333333;border-color:#333333;\"><img decoding=\"async\" class=\"list-img-icon\" alt=\"null\" src=\"https:\/\/biogailly.be\/wp-content\/uploads\/2022\/01\/square_BioGailly_legumes_bio_maraicher_10-1024x1024.jpg\"\/><\/div><div class=\"icon_description\" id=\"Info-list-wrap-3317\" style=\"font-size:60px;\"><h3 class=\"ult-responsive info-list-heading\"  data-ultimate-target='#Info-list-wrap-3317 h3'  data-responsive-json-new='{\"font-size\":\"desktop:16px;\",\"line-height\":\"desktop:24px;\"}'  style=\"\">KRUIDENIERSWAREN<\/h3><div class=\"icon_description_text ult-responsive\"  data-ultimate-target='#Info-list-wrap-3317 .icon_description_text'  data-responsive-json-new='{\"font-size\":\"desktop:13px;\",\"line-height\":\"desktop:18px;\"}'  style=\"\"><p>Kruidenierswaren: conserven, koffie &#8230;<\/p>\n<\/div><\/div><div class=\"icon_list_connector\" data-animation=\"fadeInLeft\" data-animation-delay=\"03\" style=\"border-top-width: 1px;border-top-style: dashed;border-color: #ddccb0;\"><\/div><\/li><li class=\"icon_list_item\" style=\" font-size:180px;\"><div class=\"icon_list_icon\" data-animation=\"\" data-animation-delay=\"03\" style=\"font-size:60px;border-width:1px;border-style:none;background:#ffffff;color:#333333;border-color:#333333;\"><img decoding=\"async\" class=\"list-img-icon\" alt=\"null\" src=\"https:\/\/biogailly.be\/wp-content\/uploads\/2022\/01\/square_BioGailly_legumes_bio_maraicher_09-1024x1024.jpg\"\/><\/div><div class=\"icon_description\" id=\"Info-list-wrap-5052\" style=\"font-size:60px;\"><h3 class=\"ult-responsive info-list-heading\"  data-ultimate-target='#Info-list-wrap-5052 h3'  data-responsive-json-new='{\"font-size\":\"desktop:16px;\",\"line-height\":\"desktop:24px;\"}'  style=\"\">GROENTEN EN FRUIT<\/h3><div class=\"icon_description_text ult-responsive\"  data-ultimate-target='#Info-list-wrap-5052 .icon_description_text'  data-responsive-json-new='{\"font-size\":\"desktop:13px;\",\"line-height\":\"desktop:18px;\"}'  style=\"\"><p>Seizoensgroenten en -fruit recht van het veld zodat u zeker bent van de kwaliteit en versheid.<\/p>\n<\/div><\/div><div class=\"icon_list_connector\" data-animation=\"fadeInLeft\" data-animation-delay=\"03\" style=\"border-top-width: 1px;border-top-style: dashed;border-color: #ddccb0;\"><\/div><\/li><li class=\"icon_list_item\" style=\" font-size:180px;\"><div class=\"icon_list_icon\" data-animation=\"\" data-animation-delay=\"03\" style=\"font-size:60px;border-width:1px;border-style:none;background:#ffffff;color:#333333;border-color:#333333;\"><img decoding=\"async\" class=\"list-img-icon\" alt=\"null\" src=\"https:\/\/biogailly.be\/wp-content\/uploads\/2022\/01\/square_BioGailly_legumes_bio_maraicher_13-1024x1024.jpg\"\/><\/div><div class=\"icon_description\" id=\"Info-list-wrap-6134\" style=\"font-size:60px;\"><h3 class=\"ult-responsive info-list-heading\"  data-ultimate-target='#Info-list-wrap-6134 h3'  data-responsive-json-new='{\"font-size\":\"desktop:16px;\",\"line-height\":\"desktop:24px;\"}'  style=\"\">PRODUCTEN IN BULK<\/h3><div class=\"icon_description_text ult-responsive\"  data-ultimate-target='#Info-list-wrap-6134 .icon_description_text'  data-responsive-json-new='{\"font-size\":\"desktop:13px;\",\"line-height\":\"desktop:18px;\"}'  style=\"\"><p>Producten in bulk zoals peulvruchten, pasta, rijst, linzen &#8230;<\/p>\n<\/div><\/div><div class=\"icon_list_connector\" data-animation=\"fadeInLeft\" data-animation-delay=\"03\" style=\"border-top-width: 1px;border-top-style: dashed;border-color: #ddccb0;\"><\/div><\/li><li class=\"icon_list_item\" style=\" font-size:180px;\"><div class=\"icon_list_icon\" data-animation=\"\" data-animation-delay=\"03\" style=\"font-size:60px;border-width:1px;border-style:none;background:#ffffff;color:#333333;border-color:#333333;\"><img decoding=\"async\" class=\"list-img-icon\" alt=\"null\" src=\"https:\/\/biogailly.be\/wp-content\/uploads\/2022\/01\/square_Bio_Gailly_legumes_guimpoux_94-1024x1024.jpg\"\/><\/div><div class=\"icon_description\" id=\"Info-list-wrap-9560\" style=\"font-size:60px;\"><h3 class=\"ult-responsive info-list-heading\"  data-ultimate-target='#Info-list-wrap-9560 h3'  data-responsive-json-new='{\"font-size\":\"desktop:16px;\",\"line-height\":\"desktop:24px;\"}'  style=\"\">LEKKERNIJEN<\/h3><div class=\"icon_description_text ult-responsive\"  data-ultimate-target='#Info-list-wrap-9560 .icon_description_text'  data-responsive-json-new='{\"font-size\":\"desktop:13px;\",\"line-height\":\"desktop:18px;\"}'  style=\"\"><p>Koekjes en snoepgoed: chocolade en koekjes in bulk \u2026<\/p>\n<\/div><\/div><div class=\"icon_list_connector\" data-animation=\"fadeInLeft\" data-animation-delay=\"03\" style=\"border-top-width: 1px;border-top-style: dashed;border-color: #ddccb0;\"><\/div><\/li><\/ul><\/div>[\/vc_column][\/vc_row][vc_row equal_height=&#8221;yes&#8221; content_placement=&#8221;middle&#8221; amy_add_container=&#8221;yes&#8221; bg_type=&#8221;bg_color&#8221; css=&#8221;.vc_custom_1643879579756{margin-top: 10px !important;padding-top: 65px !important;}&#8221; bg_color_value=&#8221;#f7f7f7&#8243;][vc_column css_animation=&#8221;fadeInUp&#8221;]<div id=\"amy-organic-heading-2\" class=\"amy-shortcode amy-organic-heading \"><h3 style=\"color: #1a4d2a;font-size: 38px;\">DE WINKEL<\/h3><\/div>[vc_row_inner equal_height=&#8221;yes&#8221; content_placement=&#8221;middle&#8221;][vc_column_inner width=&#8221;1\/2&#8243;][vc_media_grid grid_id=&#8221;vc_gid:1649661108539-81f7723c-8abd-3&#8243; include=&#8221;1260,1261,1262,1264,1265,1267&#8243;][\/vc_column_inner][vc_column_inner width=&#8221;1\/2&#8243;]<div class=\"smile_icon_list_wrap ult_info_list_container ult-adjust-bottom-margin  \"><ul class=\"smile_icon_list left circle with_bg\"><li class=\"icon_list_item\" style=\" font-size:75px;\"><div class=\"icon_list_icon\" data-animation=\"\" data-animation-delay=\"03\" style=\"font-size:25px;border-width:1px;border-style:none;background:#1a4d2a;color:#ffffff;border-color:#333333;\"><img decoding=\"async\" class=\"list-img-icon\" alt=\"null\" src=\"https:\/\/biogailly.be\/wp-content\/uploads\/2022\/02\/BIOGAILLY_ELEMENTS_WEBSITE14-1024x1024.png\"\/><\/div><div class=\"icon_description\" id=\"Info-list-wrap-4967\" style=\"font-size:25px;\"><h3 class=\"ult-responsive info-list-heading\"  data-ultimate-target='#Info-list-wrap-4967 h3'  data-responsive-json-new='{\"font-size\":\"desktop:16px;\",\"line-height\":\"desktop:24px;\"}'  style=\"\">Adres<\/h3><div class=\"icon_description_text ult-responsive\"  data-ultimate-target='#Info-list-wrap-4967 .icon_description_text'  data-responsive-json-new='{\"font-size\":\"desktop:13px;\",\"line-height\":\"desktop:18px;\"}'  style=\"\"><ul>\n<li>Chemin de Guimpoux 5,<\/li>\n<li>B-6850 Paliseul<\/li>\n<\/ul>\n<\/div><\/div><div class=\"icon_list_connector\"  style=\"border-right-width: 1px;border-right-style: dashed;border-color: #333333;\"><\/div><\/li><li class=\"icon_list_item\" style=\" font-size:75px;\"><div class=\"icon_list_icon\" data-animation=\"\" data-animation-delay=\"03\" style=\"font-size:25px;border-width:1px;border-style:none;background:#1a4d2a;color:#ffffff;border-color:#333333;\"><img decoding=\"async\" class=\"list-img-icon\" alt=\"null\" src=\"https:\/\/biogailly.be\/wp-content\/uploads\/2022\/02\/BIOGAILLY_ELEMENTS_WEBSITE15-1024x1024.png\"\/><\/div><div class=\"icon_description\" id=\"Info-list-wrap-8152\" style=\"font-size:25px;\"><h3 class=\"ult-responsive info-list-heading\"  data-ultimate-target='#Info-list-wrap-8152 h3'  data-responsive-json-new='{\"font-size\":\"desktop:16px;\",\"line-height\":\"desktop:24px;\"}'  style=\"\">Horaires<\/h3><div class=\"icon_description_text ult-responsive\"  data-ultimate-target='#Info-list-wrap-8152 .icon_description_text'  data-responsive-json-new='{\"font-size\":\"desktop:13px;\",\"line-height\":\"desktop:18px;\"}'  style=\"\"><ul>\n<li>DINSDAG &#8211; WOENSDAG\u00a0 14:00 -18:30<\/li>\n<li>VRIJDAG \u00a0 9:00-12:30\u00a0\u00a0 en \u00a0 13:30-18:00<\/li>\n<li>ZATERDAG \u00a0\u00a0\u00a0\u00a0 9:00-17:00<\/li>\n<\/ul>\n<\/div><\/div><div class=\"icon_list_connector\"  style=\"border-right-width: 1px;border-right-style: dashed;border-color: #333333;\"><\/div><\/li><li class=\"icon_list_item\" style=\" font-size:75px;\"><div class=\"icon_list_icon\" data-animation=\"\" data-animation-delay=\"03\" style=\"font-size:25px;border-width:1px;border-style:none;background:#1a4d2a;color:#ffffff;border-color:#333333;\"><img decoding=\"async\" class=\"list-img-icon\" alt=\"null\" src=\"https:\/\/biogailly.be\/wp-content\/uploads\/2022\/02\/BIOGAILLY_ELEMENTS_WEBSITE16-1024x1024.png\"\/><\/div><div class=\"icon_description\" id=\"Info-list-wrap-8118\" style=\"font-size:25px;\"><h3 class=\"ult-responsive info-list-heading\"  data-ultimate-target='#Info-list-wrap-8118 h3'  data-responsive-json-new='{\"font-size\":\"desktop:16px;\",\"line-height\":\"desktop:24px;\"}'  style=\"\">TELEFOON<\/h3><div class=\"icon_description_text ult-responsive\"  data-ultimate-target='#Info-list-wrap-8118 .icon_description_text'  data-responsive-json-new='{\"font-size\":\"desktop:13px;\",\"line-height\":\"desktop:18px;\"}'  style=\"\"><ul>\n<li><a href=\"tel:+32474435109\">+32 474 43 51 09<\/a><\/li>\n<\/ul>\n<\/div><\/div><div class=\"icon_list_connector\"  style=\"border-right-width: 1px;border-right-style: dashed;border-color: #333333;\"><\/div><\/li><\/ul><\/div>[\/vc_column_inner][\/vc_row_inner][\/vc_column][\/vc_row][vc_row full_width=&#8221;stretch_row_content_no_spaces&#8221; css=&#8221;.vc_custom_1643280265995{margin-bottom: 0px !important;border-bottom-width: 0px !important;padding-bottom: 0px !important;}&#8221;][vc_column css_animation=&#8221;fadeIn&#8221; css=&#8221;.vc_custom_1643367090553{margin-top: 0px !important;margin-bottom: 0px !important;border-top-width: 0px !important;border-bottom-width: 0px !important;padding-top: 0px !important;padding-bottom: 0px !important;}&#8221;][vc_gmaps link=&#8221;#E-8_JTNDaWZyYW1lJTIwc3JjJTNEJTIyaHR0cHMlM0ElMkYlMkZ3d3cuZ29vZ2xlLmNvbSUyRm1hcHMlMkZlbWJlZCUzRnBiJTNEJTIxMW0xOCUyMTFtMTIlMjExbTMlMjExZDI1NjkuNTA4NDI1OTc1MTE2NiUyMTJkNS4xNDUyODQ1MTYwMTEwNiUyMTNkNDkuOTA4MDMxNTc5NDA0MTQ1JTIxMm0zJTIxMWYwJTIxMmYwJTIxM2YwJTIxM20yJTIxMWkxMDI0JTIxMmk3NjglMjE0ZjEzLjElMjEzbTMlMjExbTIlMjExczB4NDdjMWQ1MzhjNjViOTYwZCUyNTNBMHhjOTc2ZGZlZjZlNjJjOTY1JTIxMnNMZSUyNTIwUG90YWdlciUyNTIwZHUlMjUyMEd1aW1wb3V4JTIxNWUwJTIxM20yJTIxMXNmciUyMTJzZnIlMjE0djE2NDMyNzk4NzI5ODglMjE1bTIlMjExc2ZyJTIxMnNmciUyMiUyMHdpZHRoJTNEJTIyODAwJTIyJTIwaGVpZ2h0JTNEJTIyNjAwJTIyJTIwc3R5bGUlM0QlMjJib3JkZXIlM0EwJTNCJTIyJTIwYWxsb3dmdWxsc2NyZWVuJTNEJTIyJTIyJTIwbG9hZGluZyUzRCUyMmxhenklMjIlM0UlM0MlMkZpZnJhbWUlM0U=&#8221; size=&#8221;400&#8243; css=&#8221;.vc_custom_1643880122149{margin-bottom: 0px !important;border-bottom-width: 0px !important;padding-bottom: 0px !important;}&#8221;][\/vc_column][\/vc_row]<\/p>\n<\/div>","protected":false},"excerpt":{"rendered":"<p>[vc_row el_id=&#8221;head_magasin&#8221;][vc_column css_animation=&#8221;fadeInUp&#8221;][\/vc_column][\/vc_row][vc_row equal_height=&#8221;yes&#8221; content_placement=&#8221;middle&#8221; amy_add_container=&#8221;yes&#8221; css=&#8221;.vc_custom_1643878129387{margin-top: 50px !important;}&#8221; el_id=&#8221;ico_magasin&#8221;][vc_column css_animation=&#8221;fadeInUp&#8221;][\/vc_column][\/vc_row][vc_row equal_height=&#8221;yes&#8221; content_placement=&#8221;middle&#8221; amy_add_container=&#8221;yes&#8221; bg_type=&#8221;bg_color&#8221; css=&#8221;.vc_custom_1643879579756{margin-top: 10px !important;padding-top: 65px !important;}&#8221; bg_color_value=&#8221;#f7f7f7&#8243;][vc_column css_animation=&#8221;fadeInUp&#8221;][vc_row_inner equal_height=&#8221;yes&#8221; content_placement=&#8221;middle&#8221;][vc_column_inner width=&#8221;1\/2&#8243;][vc_media_grid grid_id=&#8221;vc_gid:1649661108539-81f7723c-8abd-3&#8243; include=&#8221;1260,1261,1262,1264,1265,1267&#8243;][\/vc_column_inner][vc_column_inner width=&#8221;1\/2&#8243;][\/vc_column_inner][\/vc_row_inner][\/vc_column][\/vc_row][vc_row full_width=&#8221;stretch_row_content_no_spaces&#8221; css=&#8221;.vc_custom_1643280265995{margin-bottom: 0px !important;border-bottom-width: 0px !important;padding-bottom: 0px !important;}&#8221;][vc_column css_animation=&#8221;fadeIn&#8221; css=&#8221;.vc_custom_1643367090553{margin-top: 0px !important;margin-bottom: 0px !important;border-top-width: 0px !important;border-bottom-width: 0px !important;padding-top: 0px !important;padding-bottom: 0px !important;}&#8221;][vc_gmaps link=&#8221;#E-8_JTNDaWZyYW1lJTIwc3JjJTNEJTIyaHR0cHMlM0ElMkYlMkZ3d3cuZ29vZ2xlLmNvbSUyRm1hcHMlMkZlbWJlZCUzRnBiJTNEJTIxMW0xOCUyMTFtMTIlMjExbTMlMjExZDI1NjkuNTA4NDI1OTc1MTE2NiUyMTJkNS4xNDUyODQ1MTYwMTEwNiUyMTNkNDkuOTA4MDMxNTc5NDA0MTQ1JTIxMm0zJTIxMWYwJTIxMmYwJTIxM2YwJTIxM20yJTIxMWkxMDI0JTIxMmk3NjglMjE0ZjEzLjElMjEzbTMlMjExbTIlMjExczB4NDdjMWQ1MzhjNjViOTYwZCUyNTNBMHhjOTc2ZGZlZjZlNjJjOTY1JTIxMnNMZSUyNTIwUG90YWdlciUyNTIwZHUlMjUyMEd1aW1wb3V4JTIxNWUwJTIxM20yJTIxMXNmciUyMTJzZnIlMjE0djE2NDMyNzk4NzI5ODglMjE1bTIlMjExc2ZyJTIxMnNmciUyMiUyMHdpZHRoJTNEJTIyODAwJTIyJTIwaGVpZ2h0JTNEJTIyNjAwJTIyJTIwc3R5bGUlM0QlMjJib3JkZXIlM0EwJTNCJTIyJTIwYWxsb3dmdWxsc2NyZWVuJTNEJTIyJTIyJTIwbG9hZGluZyUzRCUyMmxhenklMjIlM0UlM0MlMkZpZnJhbWUlM0U=&#8221; size=&#8221;400&#8243; css=&#8221;.vc_custom_1643880122149{margin-bottom: 0px !important;border-bottom-width: [&hellip;]<\/p>\n","protected":false},"author":1,"featured_media":0,"parent":0,"menu_order":0,"comment_status":"closed","ping_status":"closed","template":"","meta":{"footnotes":""},"class_list":["post-1741","page","type-page","status-publish","hentry"],"yoast_head":"<!-- This site is optimized with the Yoast SEO plugin v24.6 - https:\/\/yoast.com\/wordpress\/plugins\/seo\/ -->\n<title>Biowinkel - Bio Gailly - L\u00e9gumes bio du Guimpoux, production certifi\u00e9e<\/title>\n<meta name=\"description\" content=\"D\u00e9couvrez nos produits dans notre magasin Bio de Paliseul. Retrouvez dans nos rayons des fruits &amp; l\u00e9gumes bio ainsi que d&#039;autre produits d&#039;\u00e9picerie.\" \/>\n<meta name=\"robots\" content=\"index, follow, max-snippet:-1, max-image-preview:large, max-video-preview:-1\" \/>\n<link rel=\"canonical\" href=\"https:\/\/biogailly.be\/nl-be\/biowinkel\/\" \/>\n<meta property=\"og:locale\" content=\"nl_BE\" \/>\n<meta property=\"og:type\" content=\"article\" \/>\n<meta property=\"og:title\" content=\"Biowinkel - Bio Gailly - L\u00e9gumes bio du Guimpoux, production certifi\u00e9e\" \/>\n<meta property=\"og:description\" content=\"D\u00e9couvrez nos produits dans notre magasin Bio de Paliseul. Retrouvez dans nos rayons des fruits &amp; l\u00e9gumes bio ainsi que d&#039;autre produits d&#039;\u00e9picerie.\" \/>\n<meta property=\"og:url\" content=\"https:\/\/biogailly.be\/nl-be\/biowinkel\/\" \/>\n<meta property=\"og:site_name\" content=\"Bio Gailly\" \/>\n<meta property=\"article:modified_time\" content=\"2022-04-11T07:14:56+00:00\" \/>\n<meta name=\"twitter:card\" content=\"summary_large_image\" \/>\n<meta name=\"twitter:label1\" content=\"Geschatte leestijd\" \/>\n\t<meta name=\"twitter:data1\" content=\"1 minuut\" \/>\n<script type=\"application\/ld+json\" class=\"yoast-schema-graph\">{\"@context\":\"https:\/\/schema.org\",\"@graph\":[{\"@type\":\"WebPage\",\"@id\":\"https:\/\/biogailly.be\/nl-be\/biowinkel\/\",\"url\":\"https:\/\/biogailly.be\/nl-be\/biowinkel\/\",\"name\":\"Biowinkel - Bio Gailly - L\u00e9gumes bio du Guimpoux, production certifi\u00e9e\",\"isPartOf\":{\"@id\":\"https:\/\/biogailly.be\/#website\"},\"datePublished\":\"2022-01-27T08:52:19+00:00\",\"dateModified\":\"2022-04-11T07:14:56+00:00\",\"description\":\"D\u00e9couvrez nos produits dans notre magasin Bio de Paliseul. Retrouvez dans nos rayons des fruits & l\u00e9gumes bio ainsi que d'autre produits d'\u00e9picerie.\",\"breadcrumb\":{\"@id\":\"https:\/\/biogailly.be\/nl-be\/biowinkel\/#breadcrumb\"},\"inLanguage\":\"nl-BE\",\"potentialAction\":[{\"@type\":\"ReadAction\",\"target\":[\"https:\/\/biogailly.be\/nl-be\/biowinkel\/\"]}]},{\"@type\":\"BreadcrumbList\",\"@id\":\"https:\/\/biogailly.be\/nl-be\/biowinkel\/#breadcrumb\",\"itemListElement\":[{\"@type\":\"ListItem\",\"position\":1,\"name\":\"Accueil\",\"item\":\"https:\/\/biogailly.be\/nl-be\/\"},{\"@type\":\"ListItem\",\"position\":2,\"name\":\"Biowinkel\"}]},{\"@type\":\"WebSite\",\"@id\":\"https:\/\/biogailly.be\/#website\",\"url\":\"https:\/\/biogailly.be\/\",\"name\":\"Bio Gailly\",\"description\":\"L\u00e9gumes bio du Guimpoux\",\"potentialAction\":[{\"@type\":\"SearchAction\",\"target\":{\"@type\":\"EntryPoint\",\"urlTemplate\":\"https:\/\/biogailly.be\/?s={search_term_string}\"},\"query-input\":{\"@type\":\"PropertyValueSpecification\",\"valueRequired\":true,\"valueName\":\"search_term_string\"}}],\"inLanguage\":\"nl-BE\"}]}<\/script>\n<!-- \/ Yoast SEO plugin. -->","yoast_head_json":{"title":"Biowinkel - Bio Gailly - L\u00e9gumes bio du Guimpoux, production certifi\u00e9e","description":"D\u00e9couvrez nos produits dans notre magasin Bio de Paliseul. Retrouvez dans nos rayons des fruits & l\u00e9gumes bio ainsi que d'autre produits d'\u00e9picerie.","robots":{"index":"index","follow":"follow","max-snippet":"max-snippet:-1","max-image-preview":"max-image-preview:large","max-video-preview":"max-video-preview:-1"},"canonical":"https:\/\/biogailly.be\/nl-be\/biowinkel\/","og_locale":"nl_BE","og_type":"article","og_title":"Biowinkel - Bio Gailly - L\u00e9gumes bio du Guimpoux, production certifi\u00e9e","og_description":"D\u00e9couvrez nos produits dans notre magasin Bio de Paliseul. Retrouvez dans nos rayons des fruits & l\u00e9gumes bio ainsi que d'autre produits d'\u00e9picerie.","og_url":"https:\/\/biogailly.be\/nl-be\/biowinkel\/","og_site_name":"Bio Gailly","article_modified_time":"2022-04-11T07:14:56+00:00","twitter_card":"summary_large_image","twitter_misc":{"Geschatte leestijd":"1 minuut"},"schema":{"@context":"https:\/\/schema.org","@graph":[{"@type":"WebPage","@id":"https:\/\/biogailly.be\/nl-be\/biowinkel\/","url":"https:\/\/biogailly.be\/nl-be\/biowinkel\/","name":"Biowinkel - Bio Gailly - L\u00e9gumes bio du Guimpoux, production certifi\u00e9e","isPartOf":{"@id":"https:\/\/biogailly.be\/#website"},"datePublished":"2022-01-27T08:52:19+00:00","dateModified":"2022-04-11T07:14:56+00:00","description":"D\u00e9couvrez nos produits dans notre magasin Bio de Paliseul. Retrouvez dans nos rayons des fruits & l\u00e9gumes bio ainsi que d'autre produits d'\u00e9picerie.","breadcrumb":{"@id":"https:\/\/biogailly.be\/nl-be\/biowinkel\/#breadcrumb"},"inLanguage":"nl-BE","potentialAction":[{"@type":"ReadAction","target":["https:\/\/biogailly.be\/nl-be\/biowinkel\/"]}]},{"@type":"BreadcrumbList","@id":"https:\/\/biogailly.be\/nl-be\/biowinkel\/#breadcrumb","itemListElement":[{"@type":"ListItem","position":1,"name":"Accueil","item":"https:\/\/biogailly.be\/nl-be\/"},{"@type":"ListItem","position":2,"name":"Biowinkel"}]},{"@type":"WebSite","@id":"https:\/\/biogailly.be\/#website","url":"https:\/\/biogailly.be\/","name":"Bio Gailly","description":"L\u00e9gumes bio du Guimpoux","potentialAction":[{"@type":"SearchAction","target":{"@type":"EntryPoint","urlTemplate":"https:\/\/biogailly.be\/?s={search_term_string}"},"query-input":{"@type":"PropertyValueSpecification","valueRequired":true,"valueName":"search_term_string"}}],"inLanguage":"nl-BE"}]}},"jetpack_sharing_enabled":true,"_links":{"self":[{"href":"https:\/\/biogailly.be\/nl-be\/wp-json\/wp\/v2\/pages\/1741","targetHints":{"allow":["GET"]}}],"collection":[{"href":"https:\/\/biogailly.be\/nl-be\/wp-json\/wp\/v2\/pages"}],"about":[{"href":"https:\/\/biogailly.be\/nl-be\/wp-json\/wp\/v2\/types\/page"}],"author":[{"embeddable":true,"href":"https:\/\/biogailly.be\/nl-be\/wp-json\/wp\/v2\/users\/1"}],"replies":[{"embeddable":true,"href":"https:\/\/biogailly.be\/nl-be\/wp-json\/wp\/v2\/comments?post=1741"}],"version-history":[{"count":5,"href":"https:\/\/biogailly.be\/nl-be\/wp-json\/wp\/v2\/pages\/1741\/revisions"}],"predecessor-version":[{"id":1791,"href":"https:\/\/biogailly.be\/nl-be\/wp-json\/wp\/v2\/pages\/1741\/revisions\/1791"}],"wp:attachment":[{"href":"https:\/\/biogailly.be\/nl-be\/wp-json\/wp\/v2\/media?parent=1741"}],"curies":[{"name":"wp","href":"https:\/\/api.w.org\/{rel}","templated":true}]}}