{"id":1746,"date":"2022-02-04T08:42:07","date_gmt":"2022-02-04T08:42:07","guid":{"rendered":"https:\/\/biogailly.be\/?page_id=1746"},"modified":"2022-03-11T12:47:04","modified_gmt":"2022-03-11T12:47:04","slug":"diensten-professionals","status":"publish","type":"page","link":"https:\/\/biogailly.be\/nl-be\/diensten-professionals\/","title":{"rendered":"DIENSTEN VOOR PROS"},"content":{"rendered":"<div class=\"wpb-content-wrapper\"><p>[vc_row equal_height=&#8221;yes&#8221; content_placement=&#8221;middle&#8221; amy_add_container=&#8221;yes&#8221; bg_type=&#8221;bg_color&#8221; css=&#8221;.vc_custom_1643982450251{margin-top: 10px !important;padding-top: 65px !important;}&#8221; bg_color_value=&#8221;#f7f7f7&#8243;][vc_column width=&#8221;1\/2&#8243;][vc_media_grid grid_id=&#8221;vc_gid:1647001043695-888cd126-9849-9&#8243; include=&#8221;1434,1428,1431,1429,1427,1432,1430,1433,1185&#8243;][\/vc_column][vc_column css_animation=&#8221;fadeInUp&#8221; width=&#8221;1\/2&#8243;][vc_row_inner equal_height=&#8221;yes&#8221; content_placement=&#8221;middle&#8221;][vc_column_inner]<div class=\"smile_icon_list_wrap ult_info_list_container ult-adjust-bottom-margin  \"><ul class=\"smile_icon_list left circle with_bg\"><li class=\"icon_list_item\" style=\" font-size:90px;\"><div class=\"icon_list_icon\" data-animation=\"\" data-animation-delay=\"03\" style=\"font-size:30px;border-width:1px;border-style:none;background:rgba(26,77,42,0.01);color:#ffffff;border-color:#333333;\"><img decoding=\"async\" class=\"list-img-icon\" alt=\"null\" src=\"https:\/\/biogailly.be\/wp-content\/uploads\/2022\/02\/BIOGAILLY_ELEMENTS_WEBSITE14-1024x1024.png\"\/><\/div><div class=\"icon_description\" id=\"Info-list-wrap-6683\" style=\"font-size:30px;\"><h3 class=\"ult-responsive info-list-heading\"  data-ultimate-target='#Info-list-wrap-6683 h3'  data-responsive-json-new='{\"font-size\":\"desktop:16px;\",\"line-height\":\"desktop:24px;\"}'  style=\"\">Adres<\/h3><div class=\"icon_description_text ult-responsive\"  data-ultimate-target='#Info-list-wrap-6683 .icon_description_text'  data-responsive-json-new='{\"font-size\":\"desktop:13px;\",\"line-height\":\"desktop:18px;\"}'  style=\"\"><p><a>Chemin de Guimpoux 5<br \/>\nB-6850 Paliseul<\/a><\/p>\n<\/div><\/div><div class=\"icon_list_connector\"  style=\"border-right-width: 1px;border-right-style: dashed;border-color: #333333;\"><\/div><\/li><li class=\"icon_list_item\" style=\" font-size:90px;\"><div class=\"icon_list_icon\" data-animation=\"\" data-animation-delay=\"03\" style=\"font-size:30px;border-width:1px;border-style:none;background:rgba(26,77,42,0.01);color:#ffffff;border-color:#333333;\"><img decoding=\"async\" class=\"list-img-icon\" alt=\"null\" src=\"https:\/\/biogailly.be\/wp-content\/uploads\/2022\/02\/BIOGAILLY_ELEMENTS_WEBSITE15-1024x1024.png\"\/><\/div><div class=\"icon_description\" id=\"Info-list-wrap-8163\" style=\"font-size:30px;\"><h3 class=\"ult-responsive info-list-heading\"  data-ultimate-target='#Info-list-wrap-8163 h3'  data-responsive-json-new='{\"font-size\":\"desktop:16px;\",\"line-height\":\"desktop:24px;\"}'  style=\"\">OPENINGSTIJDEN<\/h3><div class=\"icon_description_text ult-responsive\"  data-ultimate-target='#Info-list-wrap-8163 .icon_description_text'  data-responsive-json-new='{\"font-size\":\"desktop:13px;\",\"line-height\":\"desktop:18px;\"}'  style=\"\"><p><a>MAANDAG TOT VRIJDAG<br \/>\n8:30 \u2013 17:30<\/a><\/p>\n<\/div><\/div><div class=\"icon_list_connector\"  style=\"border-right-width: 1px;border-right-style: dashed;border-color: #333333;\"><\/div><\/li><li class=\"icon_list_item\" style=\" font-size:90px;\"><div class=\"icon_list_icon\" data-animation=\"\" data-animation-delay=\"03\" style=\"font-size:30px;border-width:1px;border-style:none;background:rgba(26,77,42,0.01);color:#ffffff;border-color:#333333;\"><img decoding=\"async\" class=\"list-img-icon\" alt=\"null\" src=\"https:\/\/biogailly.be\/wp-content\/uploads\/2022\/02\/BIOGAILLY_ELEMENTS_WEBSITE16-1024x1024.png\"\/><\/div><div class=\"icon_description\" id=\"Info-list-wrap-5341\" style=\"font-size:30px;\"><h3 class=\"ult-responsive info-list-heading\"  data-ultimate-target='#Info-list-wrap-5341 h3'  data-responsive-json-new='{\"font-size\":\"desktop:16px;\",\"line-height\":\"desktop:24px;\"}'  style=\"\">TELEFOON<\/h3><div class=\"icon_description_text ult-responsive\"  data-ultimate-target='#Info-list-wrap-5341 .icon_description_text'  data-responsive-json-new='{\"font-size\":\"desktop:13px;\",\"line-height\":\"desktop:18px;\"}'  style=\"\"><p><a href=\"tel:+32474435109\">+32 474 43 51 09<\/a><\/p>\n<\/div><\/div><div class=\"icon_list_connector\"  style=\"border-right-width: 1px;border-right-style: dashed;border-color: #333333;\"><\/div><\/li><li class=\"icon_list_item\" style=\" font-size:90px;\"><div class=\"icon_list_icon\" data-animation=\"\" data-animation-delay=\"03\" style=\"font-size:30px;border-width:1px;border-style:none;background:rgba(26,77,42,0.01);color:#ffffff;border-color:#333333;\"><img decoding=\"async\" class=\"list-img-icon\" alt=\"null\" src=\"https:\/\/biogailly.be\/wp-content\/uploads\/2022\/02\/BIOGAILLY_ELEMENTS_WEBSITE15-1-1024x1024.png\"\/><\/div><div class=\"icon_description\" id=\"Info-list-wrap-5650\" style=\"font-size:30px;\"><h3 class=\"ult-responsive info-list-heading\"  data-ultimate-target='#Info-list-wrap-5650 h3'  data-responsive-json-new='{\"font-size\":\"desktop:16px;\",\"line-height\":\"desktop:24px;\"}'  style=\"\">E-MAIL<\/h3><div class=\"icon_description_text ult-responsive\"  data-ultimate-target='#Info-list-wrap-5650 .icon_description_text'  data-responsive-json-new='{\"font-size\":\"desktop:13px;\",\"line-height\":\"desktop:18px;\"}'  style=\"\"><p><a href=\"mailto:info@biogailly.be\">info@biogailly.be<\/a><\/p>\n<\/div><\/div><div class=\"icon_list_connector\"  style=\"border-right-width: 1px;border-right-style: dashed;border-color: #333333;\"><\/div><\/li><li class=\"icon_list_item\" style=\" font-size:90px;\"><div class=\"icon_list_icon\" data-animation=\"\" data-animation-delay=\"03\" style=\"font-size:30px;border-width:1px;border-style:none;background:rgba(26,77,42,0.01);color:#ffffff;border-color:#333333;\"><img decoding=\"async\" class=\"list-img-icon\" alt=\"null\" src=\"https:\/\/biogailly.be\/wp-content\/uploads\/2022\/02\/BIOGAILLY_ELEMENTS_WEBSITE16-1-1024x1024.png\"\/><\/div><div class=\"icon_description\" id=\"Info-list-wrap-8060\" style=\"font-size:30px;\"><h3 class=\"ult-responsive info-list-heading\"  data-ultimate-target='#Info-list-wrap-8060 h3'  data-responsive-json-new='{\"font-size\":\"desktop:16px;\",\"line-height\":\"desktop:24px;\"}'  style=\"\">BTW-NR.<\/h3><div class=\"icon_description_text ult-responsive\"  data-ultimate-target='#Info-list-wrap-8060 .icon_description_text'  data-responsive-json-new='{\"font-size\":\"desktop:13px;\",\"line-height\":\"desktop:18px;\"}'  style=\"\"><p><a>BE 0521.855.545<\/a><\/p>\n<\/div><\/div><div class=\"icon_list_connector\"  style=\"border-right-width: 1px;border-right-style: dashed;border-color: #333333;\"><\/div><\/li><\/ul><\/div>[\/vc_column_inner][\/vc_row_inner][\/vc_column][\/vc_row][vc_row full_width=&#8221;stretch_row_content_no_spaces&#8221; css=&#8221;.vc_custom_1643280265995{margin-bottom: 0px !important;border-bottom-width: 0px !important;padding-bottom: 0px !important;}&#8221;][vc_column css_animation=&#8221;fadeIn&#8221; css=&#8221;.vc_custom_1643367090553{margin-top: 0px !important;margin-bottom: 0px !important;border-top-width: 0px !important;border-bottom-width: 0px !important;padding-top: 0px !important;padding-bottom: 0px !important;}&#8221;][vc_gmaps link=&#8221;#E-8_JTNDaWZyYW1lJTIwc3JjJTNEJTIyaHR0cHMlM0ElMkYlMkZ3d3cuZ29vZ2xlLmNvbSUyRm1hcHMlMkZlbWJlZCUzRnBiJTNEJTIxMW0xOCUyMTFtMTIlMjExbTMlMjExZDI1NjkuNTA4NDI1OTc1MTE2NiUyMTJkNS4xNDUyODQ1MTYwMTEwNiUyMTNkNDkuOTA4MDMxNTc5NDA0MTQ1JTIxMm0zJTIxMWYwJTIxMmYwJTIxM2YwJTIxM20yJTIxMWkxMDI0JTIxMmk3NjglMjE0ZjEzLjElMjEzbTMlMjExbTIlMjExczB4NDdjMWQ1MzhjNjViOTYwZCUyNTNBMHhjOTc2ZGZlZjZlNjJjOTY1JTIxMnNMZSUyNTIwUG90YWdlciUyNTIwZHUlMjUyMEd1aW1wb3V4JTIxNWUwJTIxM20yJTIxMXNmciUyMTJzZnIlMjE0djE2NDMyNzk4NzI5ODglMjE1bTIlMjExc2ZyJTIxMnNmciUyMiUyMHdpZHRoJTNEJTIyODAwJTIyJTIwaGVpZ2h0JTNEJTIyNjAwJTIyJTIwc3R5bGUlM0QlMjJib3JkZXIlM0EwJTNCJTIyJTIwYWxsb3dmdWxsc2NyZWVuJTNEJTIyJTIyJTIwbG9hZGluZyUzRCUyMmxhenklMjIlM0UlM0MlMkZpZnJhbWUlM0U=&#8221; size=&#8221;400&#8243; css=&#8221;.vc_custom_1643880122149{margin-bottom: 0px !important;border-bottom-width: 0px !important;padding-bottom: 0px !important;}&#8221;][\/vc_column][\/vc_row][vc_row el_id=&#8221;title_comm&#8221; css=&#8221;.vc_custom_1643969108279{margin-top: 50px !important;}&#8221;][vc_column]<div id=\"amy-organic-heading-1\" class=\"amy-shortcode amy-organic-heading \"><h3 style=\"color: #1a4d2a;font-size: 38px;\">HOE KUNT U BESTELLEN?<\/h3><\/div>[vc_column_text]<\/p>\n<p style=\"text-align: center;\">U bent een professional en u wilt een bestelling plaatsen?<\/p>\n<p>[\/vc_column_text][\/vc_column][\/vc_row][vc_row amy_add_container=&#8221;yes&#8221;][vc_column width=&#8221;1\/2&#8243;]<div class=\"smile-icon-timeline-wrap csstime   \"     style=\"\"><div class=\"timeline-line \" style=\"border-right-color:#ddccb0;\"><span><\/span><\/div><div class=\"timeline-wrapper\"><div class=\"timeline-block \"><div class=\"timeline-dot\"><\/div><div class=\"ult-timeline-arrow\"><s><\/s><l><\/l><\/div><div class=\"timeline-icon-block\"><div class=\"ult-timeline-icon tl-icon-no-bg\" style=\"   \"><\/div> <!-- icon --><\/div><div class=\"timeline-header-block\" >\r\n\t\t\t\t\t\t\t<div id=\"timeline-item-9347\" class=\"timeline-header\" style=\"\"><h3 class=\"ult-timeline-title ult-responsive\"  data-ultimate-target='#timeline-item-9347 .ult-timeline-title'  data-responsive-json-new='{\"font-size\":\"\",\"line-height\":\"\"}'  style=\"\">REGISTRATIEAANVRAAG<\/h3><div class=\"ult-responsive timeline-item-spt\"  data-ultimate-target='#timeline-item-9347 .timeline-item-spt'  data-responsive-json-new='{\"font-size\":\"\",\"line-height\":\"\"}'  style=\"\">Vul het registratieformulier hiernaast in<\/div><\/div> <!-- header --><\/div><\/div><div class=\"timeline-block \"><div class=\"timeline-dot\"><\/div><div class=\"ult-timeline-arrow\"><s><\/s><l><\/l><\/div><div class=\"timeline-icon-block\"><div class=\"ult-timeline-icon tl-icon-no-bg\" style=\"   \"><\/div> <!-- icon --><\/div><div class=\"timeline-header-block\" >\r\n\t\t\t\t\t\t\t<div id=\"timeline-item-2404\" class=\"timeline-header\" style=\"\"><h3 class=\"ult-timeline-title ult-responsive\"  data-ultimate-target='#timeline-item-2404 .ult-timeline-title'  data-responsive-json-new='{\"font-size\":\"\",\"line-height\":\"\"}'  style=\"\">ONTVANGST VAN HET AANBOD<\/h3><div class=\"ult-responsive timeline-item-spt\"  data-ultimate-target='#timeline-item-2404 .timeline-item-spt'  data-responsive-json-new='{\"font-size\":\"\",\"line-height\":\"\"}'  style=\"\">Ontvang elke donderdag de aanbiedingen van de week<\/div><\/div> <!-- header --><\/div><\/div><div class=\"timeline-block \"><div class=\"timeline-dot\"><\/div><div class=\"ult-timeline-arrow\"><s><\/s><l><\/l><\/div><div class=\"timeline-icon-block\"><div class=\"ult-timeline-icon tl-icon-no-bg\" style=\"   \"><\/div> <!-- icon --><\/div><div class=\"timeline-header-block\" >\r\n\t\t\t\t\t\t\t<div id=\"timeline-item-2205\" class=\"timeline-header\" style=\"\"><h3 class=\"ult-timeline-title ult-responsive\"  data-ultimate-target='#timeline-item-2205 .ult-timeline-title'  data-responsive-json-new='{\"font-size\":\"\",\"line-height\":\"\"}'  style=\"\">BESTELLING<\/h3><div class=\"ult-responsive timeline-item-spt\"  data-ultimate-target='#timeline-item-2205 .timeline-item-spt'  data-responsive-json-new='{\"font-size\":\"\",\"line-height\":\"\"}'  style=\"\">Bestel 48 u. vooraf<\/div><\/div> <!-- header --><\/div><\/div><div class=\"timeline-block \"><div class=\"timeline-dot\"><\/div><div class=\"ult-timeline-arrow\"><s><\/s><l><\/l><\/div><div class=\"timeline-icon-block\"><div class=\"ult-timeline-icon tl-icon-no-bg\" style=\"   \"><\/div> <!-- icon --><\/div><div class=\"timeline-header-block\" >\r\n\t\t\t\t\t\t\t<div id=\"timeline-item-4148\" class=\"timeline-header\" style=\"\"><h3 class=\"ult-timeline-title ult-responsive\"  data-ultimate-target='#timeline-item-4148 .ult-timeline-title'  data-responsive-json-new='{\"font-size\":\"\",\"line-height\":\"\"}'  style=\"\">LEVERING<\/h3><div class=\"ult-responsive timeline-item-spt\"  data-ultimate-target='#timeline-item-4148 .timeline-item-spt'  data-responsive-json-new='{\"font-size\":\"\",\"line-height\":\"\"}'  style=\"\">We leggen samen een dag vast voor de levering<\/div><\/div> <!-- header --><\/div><\/div><\/div><\/div>[\/vc_column][vc_column width=&#8221;1\/2&#8243;]<div id=\"amy-organic-heading-2\" class=\"amy-shortcode amy-organic-heading \"><h3 style=\"color: #1a4d2a;font-size: 25px;\">REGISTRATIEAANVRAAG<\/h3><\/div>\n<div class=\"wpcf7 no-js\" id=\"wpcf7-f1754-o1\" lang=\"nl-BE\" dir=\"ltr\" data-wpcf7-id=\"1754\">\n<div class=\"screen-reader-response\"><p role=\"status\" aria-live=\"polite\" aria-atomic=\"true\"><\/p> <ul><\/ul><\/div>\n<form action=\"\/nl-be\/wp-json\/wp\/v2\/pages\/1746#wpcf7-f1754-o1\" method=\"post\" class=\"wpcf7-form init\" aria-label=\"Contactformulier\" novalidate=\"novalidate\" data-status=\"init\">\n<div style=\"display: none;\">\n<input type=\"hidden\" name=\"_wpcf7\" value=\"1754\" \/>\n<input type=\"hidden\" name=\"_wpcf7_version\" value=\"6.0.5\" \/>\n<input type=\"hidden\" name=\"_wpcf7_locale\" value=\"nl_BE\" \/>\n<input type=\"hidden\" name=\"_wpcf7_unit_tag\" value=\"wpcf7-f1754-o1\" \/>\n<input type=\"hidden\" name=\"_wpcf7_container_post\" value=\"0\" \/>\n<input type=\"hidden\" name=\"_wpcf7_posted_data_hash\" value=\"\" \/>\n<input type=\"hidden\" name=\"_wpcf7_recaptcha_response\" value=\"\" \/>\n<\/div>\n<div class=\"amy-contact-wrapper\" style=\"margin:auto;text-align:center;\">\n\t<div class=\"row margin-bottom-15\">\n\t\t<div class=\"col-md-6\">\n\t\t\t<p><label> Naam*<br \/>\n<span class=\"wpcf7-form-control-wrap\" data-name=\"your-name\"><input size=\"40\" maxlength=\"400\" class=\"wpcf7-form-control wpcf7-text wpcf7-validates-as-required\" aria-required=\"true\" aria-invalid=\"false\" value=\"\" type=\"text\" name=\"your-name\" \/><\/span> <\/label>\n\t\t\t<\/p>\n\t\t<\/div>\n\t\t<div class=\"col-md-6\">\n\t\t\t<p><label>Voornaam*<br \/>\n<span class=\"wpcf7-form-control-wrap\" data-name=\"your-firstname\"><input size=\"40\" maxlength=\"400\" class=\"wpcf7-form-control wpcf7-text wpcf7-validates-as-required\" aria-required=\"true\" aria-invalid=\"false\" value=\"\" type=\"text\" name=\"your-firstname\" \/><\/span> <\/label>\n\t\t\t<\/p>\n\t\t<\/div>\n\t<\/div>\n\t<div class=\"row margin-bottom-15\">\n\t\t<div class=\"col-md-6\">\n\t\t\t<p><label> Telefoon*<br \/>\n<span class=\"wpcf7-form-control-wrap\" data-name=\"tel-45\"><input size=\"40\" maxlength=\"400\" class=\"wpcf7-form-control wpcf7-tel wpcf7-validates-as-required wpcf7-text wpcf7-validates-as-tel\" aria-required=\"true\" aria-invalid=\"false\" value=\"\" type=\"tel\" name=\"tel-45\" \/><\/span> <\/label>\n\t\t\t<\/p>\n\t\t<\/div>\n\t\t<div class=\"col-md-6\">\n\t\t\t<p><label>E-mail*<br \/>\n<span class=\"wpcf7-form-control-wrap\" data-name=\"your-email\"><input size=\"40\" maxlength=\"400\" class=\"wpcf7-form-control wpcf7-email wpcf7-validates-as-required wpcf7-text wpcf7-validates-as-email\" aria-required=\"true\" aria-invalid=\"false\" value=\"\" type=\"email\" name=\"your-email\" \/><\/span> <\/label>\n\t\t\t<\/p>\n\t\t<\/div>\n\t<\/div>\n\t<div class=\"row margin-bottom-15\">\n\t\t<div class=\"col-md-6\">\n\t\t\t<p><label>Naam van de onderneming*<br \/>\n<span class=\"wpcf7-form-control-wrap\" data-name=\"company\"><input size=\"40\" maxlength=\"400\" class=\"wpcf7-form-control wpcf7-text wpcf7-validates-as-required\" aria-required=\"true\" aria-invalid=\"false\" value=\"\" type=\"text\" name=\"company\" \/><\/span> <\/label>\n\t\t\t<\/p>\n\t\t<\/div>\n\t\t<div class=\"col-md-6\">\n\t\t\t<p><label> Type onderneming*<br \/>\n<span class=\"wpcf7-form-control-wrap\" data-name=\"menu-442\"><select class=\"wpcf7-form-control wpcf7-select wpcf7-validates-as-required\" aria-required=\"true\" aria-invalid=\"false\" name=\"menu-442\"><option value=\"groenteteler\">groenteteler<\/option><option value=\"groothandel\">groothandel<\/option><option value=\"kruidenier\">kruidenier<\/option><option value=\"restaurant\">restaurant<\/option><\/select><\/span> <\/label>\n\t\t\t<\/p>\n\t\t<\/div>\n\t<\/div>\n\t<div class=\"row margin-bottom-15\">\n\t\t<div class=\"col-md-6\">\n\t\t\t<p><label>Btw-nummer<br \/>\n<span class=\"wpcf7-form-control-wrap\" data-name=\"vat\"><input size=\"40\" maxlength=\"400\" class=\"wpcf7-form-control wpcf7-text\" aria-invalid=\"false\" value=\"\" type=\"text\" name=\"vat\" \/><\/span> <\/label>\n\t\t\t<\/p>\n\t\t<\/div>\n\t<\/div>\n\t<p><label> Bericht<br \/>\n<span class=\"wpcf7-form-control-wrap\" data-name=\"your-message\"><textarea cols=\"58\" rows=\"3\" maxlength=\"2000\" class=\"wpcf7-form-control wpcf7-textarea\" aria-invalid=\"false\" name=\"your-message\"><\/textarea><\/span> <\/label>\n\t<\/p>\n\t<p><span class=\"wpcf7-form-control-wrap\" data-name=\"acceptance-673\"><span class=\"wpcf7-form-control wpcf7-acceptance\"><span class=\"wpcf7-list-item\"><label><input type=\"checkbox\" name=\"acceptance-673\" value=\"1\" aria-invalid=\"false\" \/><span class=\"wpcf7-list-item-label\">Door dit formulier in te dienen, stem ik ermee in dat de ingevulde informatie gebruikt wordt in het kader van mijn informatieaanvraag met betrekking tot de door de onderneming BioGailly geleverde prestaties en in de commerci\u00eble relatie die daaruit kan voortvloeien. Ik stem er ook mee in dat ik op de mailinglijst kom die voorbehouden is voor professionele klanten.<\/span><\/label><\/span><\/span><\/span>\n\t<\/p>\n\t<p><input class=\"wpcf7-form-control wpcf7-submit has-spinner\" type=\"submit\" value=\"REGISTREREN\" \/>\n\t<\/p>\n<\/div><div class=\"wpcf7-response-output\" aria-hidden=\"true\"><\/div>\n<\/form>\n<\/div>\n[\/vc_column][\/vc_row]<\/p>\n<\/div>","protected":false},"excerpt":{"rendered":"<p>[vc_row equal_height=&#8221;yes&#8221; content_placement=&#8221;middle&#8221; amy_add_container=&#8221;yes&#8221; bg_type=&#8221;bg_color&#8221; css=&#8221;.vc_custom_1643982450251{margin-top: 10px !important;padding-top: 65px !important;}&#8221; bg_color_value=&#8221;#f7f7f7&#8243;][vc_column width=&#8221;1\/2&#8243;][vc_media_grid grid_id=&#8221;vc_gid:1647001043695-888cd126-9849-9&#8243; include=&#8221;1434,1428,1431,1429,1427,1432,1430,1433,1185&#8243;][\/vc_column][vc_column css_animation=&#8221;fadeInUp&#8221; width=&#8221;1\/2&#8243;][vc_row_inner equal_height=&#8221;yes&#8221; content_placement=&#8221;middle&#8221;][vc_column_inner][\/vc_column_inner][\/vc_row_inner][\/vc_column][\/vc_row][vc_row full_width=&#8221;stretch_row_content_no_spaces&#8221; css=&#8221;.vc_custom_1643280265995{margin-bottom: 0px !important;border-bottom-width: 0px !important;padding-bottom: 0px !important;}&#8221;][vc_column css_animation=&#8221;fadeIn&#8221; css=&#8221;.vc_custom_1643367090553{margin-top: 0px !important;margin-bottom: 0px !important;border-top-width: 0px !important;border-bottom-width: 0px !important;padding-top: 0px !important;padding-bottom: 0px !important;}&#8221;][vc_gmaps link=&#8221;#E-8_JTNDaWZyYW1lJTIwc3JjJTNEJTIyaHR0cHMlM0ElMkYlMkZ3d3cuZ29vZ2xlLmNvbSUyRm1hcHMlMkZlbWJlZCUzRnBiJTNEJTIxMW0xOCUyMTFtMTIlMjExbTMlMjExZDI1NjkuNTA4NDI1OTc1MTE2NiUyMTJkNS4xNDUyODQ1MTYwMTEwNiUyMTNkNDkuOTA4MDMxNTc5NDA0MTQ1JTIxMm0zJTIxMWYwJTIxMmYwJTIxM2YwJTIxM20yJTIxMWkxMDI0JTIxMmk3NjglMjE0ZjEzLjElMjEzbTMlMjExbTIlMjExczB4NDdjMWQ1MzhjNjViOTYwZCUyNTNBMHhjOTc2ZGZlZjZlNjJjOTY1JTIxMnNMZSUyNTIwUG90YWdlciUyNTIwZHUlMjUyMEd1aW1wb3V4JTIxNWUwJTIxM20yJTIxMXNmciUyMTJzZnIlMjE0djE2NDMyNzk4NzI5ODglMjE1bTIlMjExc2ZyJTIxMnNmciUyMiUyMHdpZHRoJTNEJTIyODAwJTIyJTIwaGVpZ2h0JTNEJTIyNjAwJTIyJTIwc3R5bGUlM0QlMjJib3JkZXIlM0EwJTNCJTIyJTIwYWxsb3dmdWxsc2NyZWVuJTNEJTIyJTIyJTIwbG9hZGluZyUzRCUyMmxhenklMjIlM0UlM0MlMkZpZnJhbWUlM0U=&#8221; size=&#8221;400&#8243; css=&#8221;.vc_custom_1643880122149{margin-bottom: 0px !important;border-bottom-width: 0px !important;padding-bottom: 0px !important;}&#8221;][\/vc_column][\/vc_row][vc_row el_id=&#8221;title_comm&#8221; css=&#8221;.vc_custom_1643969108279{margin-top: 50px !important;}&#8221;][vc_column][vc_column_text] U bent [&hellip;]<\/p>\n","protected":false},"author":1,"featured_media":0,"parent":0,"menu_order":0,"comment_status":"closed","ping_status":"closed","template":"","meta":{"footnotes":""},"class_list":["post-1746","page","type-page","status-publish","hentry"],"yoast_head":"<!-- This site is optimized with the Yoast SEO plugin v24.6 - https:\/\/yoast.com\/wordpress\/plugins\/seo\/ -->\n<title>DIENSTEN VOOR PROS - Bio Gailly - L\u00e9gumes bio du Guimpoux, production certifi\u00e9e<\/title>\n<meta name=\"description\" content=\"Votre mara\u00eecher bio BioGailly vous propose aussi ses services pour les pros. Chaque semaine vous est propos\u00e9 des produits frais, bio et de saison.\" \/>\n<meta name=\"robots\" content=\"index, follow, max-snippet:-1, max-image-preview:large, max-video-preview:-1\" \/>\n<link rel=\"canonical\" href=\"https:\/\/biogailly.be\/nl-be\/diensten-professionals\/\" \/>\n<meta property=\"og:locale\" content=\"nl_BE\" \/>\n<meta property=\"og:type\" content=\"article\" \/>\n<meta property=\"og:title\" content=\"DIENSTEN VOOR PROS - Bio Gailly - L\u00e9gumes bio du Guimpoux, production certifi\u00e9e\" \/>\n<meta property=\"og:description\" content=\"Votre mara\u00eecher bio BioGailly vous propose aussi ses services pour les pros. Chaque semaine vous est propos\u00e9 des produits frais, bio et de saison.\" \/>\n<meta property=\"og:url\" content=\"https:\/\/biogailly.be\/nl-be\/diensten-professionals\/\" \/>\n<meta property=\"og:site_name\" content=\"Bio Gailly\" \/>\n<meta property=\"article:modified_time\" content=\"2022-03-11T12:47:04+00:00\" \/>\n<meta name=\"twitter:card\" content=\"summary_large_image\" \/>\n<meta name=\"twitter:label1\" content=\"Geschatte leestijd\" \/>\n\t<meta name=\"twitter:data1\" content=\"1 minuut\" \/>\n<script type=\"application\/ld+json\" class=\"yoast-schema-graph\">{\"@context\":\"https:\/\/schema.org\",\"@graph\":[{\"@type\":\"WebPage\",\"@id\":\"https:\/\/biogailly.be\/nl-be\/diensten-professionals\/\",\"url\":\"https:\/\/biogailly.be\/nl-be\/diensten-professionals\/\",\"name\":\"DIENSTEN VOOR PROS - Bio Gailly - L\u00e9gumes bio du Guimpoux, production certifi\u00e9e\",\"isPartOf\":{\"@id\":\"https:\/\/biogailly.be\/#website\"},\"datePublished\":\"2022-02-04T08:42:07+00:00\",\"dateModified\":\"2022-03-11T12:47:04+00:00\",\"description\":\"Votre mara\u00eecher bio BioGailly vous propose aussi ses services pour les pros. Chaque semaine vous est propos\u00e9 des produits frais, bio et de saison.\",\"breadcrumb\":{\"@id\":\"https:\/\/biogailly.be\/nl-be\/diensten-professionals\/#breadcrumb\"},\"inLanguage\":\"nl-BE\",\"potentialAction\":[{\"@type\":\"ReadAction\",\"target\":[\"https:\/\/biogailly.be\/nl-be\/diensten-professionals\/\"]}]},{\"@type\":\"BreadcrumbList\",\"@id\":\"https:\/\/biogailly.be\/nl-be\/diensten-professionals\/#breadcrumb\",\"itemListElement\":[{\"@type\":\"ListItem\",\"position\":1,\"name\":\"Accueil\",\"item\":\"https:\/\/biogailly.be\/nl-be\/\"},{\"@type\":\"ListItem\",\"position\":2,\"name\":\"DIENSTEN VOOR PROS\"}]},{\"@type\":\"WebSite\",\"@id\":\"https:\/\/biogailly.be\/#website\",\"url\":\"https:\/\/biogailly.be\/\",\"name\":\"Bio Gailly\",\"description\":\"L\u00e9gumes bio du Guimpoux\",\"potentialAction\":[{\"@type\":\"SearchAction\",\"target\":{\"@type\":\"EntryPoint\",\"urlTemplate\":\"https:\/\/biogailly.be\/?s={search_term_string}\"},\"query-input\":{\"@type\":\"PropertyValueSpecification\",\"valueRequired\":true,\"valueName\":\"search_term_string\"}}],\"inLanguage\":\"nl-BE\"}]}<\/script>\n<!-- \/ Yoast SEO plugin. -->","yoast_head_json":{"title":"DIENSTEN VOOR PROS - Bio Gailly - L\u00e9gumes bio du Guimpoux, production certifi\u00e9e","description":"Votre mara\u00eecher bio BioGailly vous propose aussi ses services pour les pros. Chaque semaine vous est propos\u00e9 des produits frais, bio et de saison.","robots":{"index":"index","follow":"follow","max-snippet":"max-snippet:-1","max-image-preview":"max-image-preview:large","max-video-preview":"max-video-preview:-1"},"canonical":"https:\/\/biogailly.be\/nl-be\/diensten-professionals\/","og_locale":"nl_BE","og_type":"article","og_title":"DIENSTEN VOOR PROS - Bio Gailly - L\u00e9gumes bio du Guimpoux, production certifi\u00e9e","og_description":"Votre mara\u00eecher bio BioGailly vous propose aussi ses services pour les pros. Chaque semaine vous est propos\u00e9 des produits frais, bio et de saison.","og_url":"https:\/\/biogailly.be\/nl-be\/diensten-professionals\/","og_site_name":"Bio Gailly","article_modified_time":"2022-03-11T12:47:04+00:00","twitter_card":"summary_large_image","twitter_misc":{"Geschatte leestijd":"1 minuut"},"schema":{"@context":"https:\/\/schema.org","@graph":[{"@type":"WebPage","@id":"https:\/\/biogailly.be\/nl-be\/diensten-professionals\/","url":"https:\/\/biogailly.be\/nl-be\/diensten-professionals\/","name":"DIENSTEN VOOR PROS - Bio Gailly - L\u00e9gumes bio du Guimpoux, production certifi\u00e9e","isPartOf":{"@id":"https:\/\/biogailly.be\/#website"},"datePublished":"2022-02-04T08:42:07+00:00","dateModified":"2022-03-11T12:47:04+00:00","description":"Votre mara\u00eecher bio BioGailly vous propose aussi ses services pour les pros. Chaque semaine vous est propos\u00e9 des produits frais, bio et de saison.","breadcrumb":{"@id":"https:\/\/biogailly.be\/nl-be\/diensten-professionals\/#breadcrumb"},"inLanguage":"nl-BE","potentialAction":[{"@type":"ReadAction","target":["https:\/\/biogailly.be\/nl-be\/diensten-professionals\/"]}]},{"@type":"BreadcrumbList","@id":"https:\/\/biogailly.be\/nl-be\/diensten-professionals\/#breadcrumb","itemListElement":[{"@type":"ListItem","position":1,"name":"Accueil","item":"https:\/\/biogailly.be\/nl-be\/"},{"@type":"ListItem","position":2,"name":"DIENSTEN VOOR PROS"}]},{"@type":"WebSite","@id":"https:\/\/biogailly.be\/#website","url":"https:\/\/biogailly.be\/","name":"Bio Gailly","description":"L\u00e9gumes bio du Guimpoux","potentialAction":[{"@type":"SearchAction","target":{"@type":"EntryPoint","urlTemplate":"https:\/\/biogailly.be\/?s={search_term_string}"},"query-input":{"@type":"PropertyValueSpecification","valueRequired":true,"valueName":"search_term_string"}}],"inLanguage":"nl-BE"}]}},"jetpack_sharing_enabled":true,"_links":{"self":[{"href":"https:\/\/biogailly.be\/nl-be\/wp-json\/wp\/v2\/pages\/1746","targetHints":{"allow":["GET"]}}],"collection":[{"href":"https:\/\/biogailly.be\/nl-be\/wp-json\/wp\/v2\/pages"}],"about":[{"href":"https:\/\/biogailly.be\/nl-be\/wp-json\/wp\/v2\/types\/page"}],"author":[{"embeddable":true,"href":"https:\/\/biogailly.be\/nl-be\/wp-json\/wp\/v2\/users\/1"}],"replies":[{"embeddable":true,"href":"https:\/\/biogailly.be\/nl-be\/wp-json\/wp\/v2\/comments?post=1746"}],"version-history":[{"count":8,"href":"https:\/\/biogailly.be\/nl-be\/wp-json\/wp\/v2\/pages\/1746\/revisions"}],"predecessor-version":[{"id":1761,"href":"https:\/\/biogailly.be\/nl-be\/wp-json\/wp\/v2\/pages\/1746\/revisions\/1761"}],"wp:attachment":[{"href":"https:\/\/biogailly.be\/nl-be\/wp-json\/wp\/v2\/media?parent=1746"}],"curies":[{"name":"wp","href":"https:\/\/api.w.org\/{rel}","templated":true}]}}