{"id":1755,"date":"2021-12-20T14:24:26","date_gmt":"2021-12-20T14:24:26","guid":{"rendered":"https:\/\/biogailly.be\/?page_id=1755"},"modified":"2022-03-11T12:38:01","modified_gmt":"2022-03-11T12:38:01","slug":"blog","status":"publish","type":"page","link":"https:\/\/biogailly.be\/nl-be\/blog\/","title":{"rendered":"Blog"},"content":{"rendered":"<div class=\"wpb-content-wrapper\"><p>[vc_row][vc_column][vc_basic_grid post_type=&#8221;post&#8221; max_items=&#8221;-1&#8243; style=&#8221;pagination&#8221; items_per_page=&#8221;9&#8243; grid_id=&#8221;vc_gid:1643883147863-29bb1a7c-c261-6&#8243;][\/vc_column][\/vc_row]<\/p>\n<\/div>","protected":false},"excerpt":{"rendered":"<p>[vc_row][vc_column][vc_basic_grid post_type=&#8221;post&#8221; max_items=&#8221;-1&#8243; style=&#8221;pagination&#8221; items_per_page=&#8221;9&#8243; grid_id=&#8221;vc_gid:1643883147863-29bb1a7c-c261-6&#8243;][\/vc_column][\/vc_row]<\/p>\n","protected":false},"author":1,"featured_media":0,"parent":0,"menu_order":0,"comment_status":"closed","ping_status":"closed","template":"","meta":{"footnotes":""},"class_list":["post-1755","page","type-page","status-publish","hentry"],"yoast_head":"<!-- This site is optimized with the Yoast SEO plugin v24.6 - https:\/\/yoast.com\/wordpress\/plugins\/seo\/ -->\n<title>Blog - Bio Gailly - L\u00e9gumes bio du Guimpoux, production certifi\u00e9e<\/title>\n<meta name=\"description\" content=\"Suivez les derni\u00e8res actualit\u00e9s de BioGailly, votre producteur local de l\u00e9gumes bio de saison, suivi par un organisme de certification bio.\" \/>\n<meta name=\"robots\" content=\"index, follow, max-snippet:-1, max-image-preview:large, max-video-preview:-1\" \/>\n<link rel=\"canonical\" href=\"https:\/\/biogailly.be\/nl-be\/blog\/\" \/>\n<meta property=\"og:locale\" content=\"nl_BE\" \/>\n<meta property=\"og:type\" content=\"article\" \/>\n<meta property=\"og:title\" content=\"Blog - Bio Gailly - L\u00e9gumes bio du Guimpoux, production certifi\u00e9e\" \/>\n<meta property=\"og:description\" content=\"Suivez les derni\u00e8res actualit\u00e9s de BioGailly, votre producteur local de l\u00e9gumes bio de saison, suivi par un organisme de certification bio.\" \/>\n<meta property=\"og:url\" content=\"https:\/\/biogailly.be\/nl-be\/blog\/\" \/>\n<meta property=\"og:site_name\" content=\"Bio Gailly\" \/>\n<meta property=\"article:modified_time\" content=\"2022-03-11T12:38:01+00:00\" \/>\n<meta name=\"twitter:card\" content=\"summary_large_image\" \/>\n<script type=\"application\/ld+json\" class=\"yoast-schema-graph\">{\"@context\":\"https:\/\/schema.org\",\"@graph\":[{\"@type\":\"WebPage\",\"@id\":\"https:\/\/biogailly.be\/nl-be\/blog\/\",\"url\":\"https:\/\/biogailly.be\/nl-be\/blog\/\",\"name\":\"Blog - Bio Gailly - L\u00e9gumes bio du Guimpoux, production certifi\u00e9e\",\"isPartOf\":{\"@id\":\"https:\/\/biogailly.be\/#website\"},\"datePublished\":\"2021-12-20T14:24:26+00:00\",\"dateModified\":\"2022-03-11T12:38:01+00:00\",\"description\":\"Suivez les derni\u00e8res actualit\u00e9s de BioGailly, votre producteur local de l\u00e9gumes bio de saison, suivi par un organisme de certification bio.\",\"breadcrumb\":{\"@id\":\"https:\/\/biogailly.be\/nl-be\/blog\/#breadcrumb\"},\"inLanguage\":\"nl-BE\",\"potentialAction\":[{\"@type\":\"ReadAction\",\"target\":[\"https:\/\/biogailly.be\/nl-be\/blog\/\"]}]},{\"@type\":\"BreadcrumbList\",\"@id\":\"https:\/\/biogailly.be\/nl-be\/blog\/#breadcrumb\",\"itemListElement\":[{\"@type\":\"ListItem\",\"position\":1,\"name\":\"Accueil\",\"item\":\"https:\/\/biogailly.be\/nl-be\/\"},{\"@type\":\"ListItem\",\"position\":2,\"name\":\"Blog\"}]},{\"@type\":\"WebSite\",\"@id\":\"https:\/\/biogailly.be\/#website\",\"url\":\"https:\/\/biogailly.be\/\",\"name\":\"Bio Gailly\",\"description\":\"L\u00e9gumes bio du Guimpoux\",\"potentialAction\":[{\"@type\":\"SearchAction\",\"target\":{\"@type\":\"EntryPoint\",\"urlTemplate\":\"https:\/\/biogailly.be\/?s={search_term_string}\"},\"query-input\":{\"@type\":\"PropertyValueSpecification\",\"valueRequired\":true,\"valueName\":\"search_term_string\"}}],\"inLanguage\":\"nl-BE\"}]}<\/script>\n<!-- \/ Yoast SEO plugin. -->","yoast_head_json":{"title":"Blog - Bio Gailly - L\u00e9gumes bio du Guimpoux, production certifi\u00e9e","description":"Suivez les derni\u00e8res actualit\u00e9s de BioGailly, votre producteur local de l\u00e9gumes bio de saison, suivi par un organisme de certification bio.","robots":{"index":"index","follow":"follow","max-snippet":"max-snippet:-1","max-image-preview":"max-image-preview:large","max-video-preview":"max-video-preview:-1"},"canonical":"https:\/\/biogailly.be\/nl-be\/blog\/","og_locale":"nl_BE","og_type":"article","og_title":"Blog - Bio Gailly - L\u00e9gumes bio du Guimpoux, production certifi\u00e9e","og_description":"Suivez les derni\u00e8res actualit\u00e9s de BioGailly, votre producteur local de l\u00e9gumes bio de saison, suivi par un organisme de certification bio.","og_url":"https:\/\/biogailly.be\/nl-be\/blog\/","og_site_name":"Bio Gailly","article_modified_time":"2022-03-11T12:38:01+00:00","twitter_card":"summary_large_image","schema":{"@context":"https:\/\/schema.org","@graph":[{"@type":"WebPage","@id":"https:\/\/biogailly.be\/nl-be\/blog\/","url":"https:\/\/biogailly.be\/nl-be\/blog\/","name":"Blog - Bio Gailly - L\u00e9gumes bio du Guimpoux, production certifi\u00e9e","isPartOf":{"@id":"https:\/\/biogailly.be\/#website"},"datePublished":"2021-12-20T14:24:26+00:00","dateModified":"2022-03-11T12:38:01+00:00","description":"Suivez les derni\u00e8res actualit\u00e9s de BioGailly, votre producteur local de l\u00e9gumes bio de saison, suivi par un organisme de certification bio.","breadcrumb":{"@id":"https:\/\/biogailly.be\/nl-be\/blog\/#breadcrumb"},"inLanguage":"nl-BE","potentialAction":[{"@type":"ReadAction","target":["https:\/\/biogailly.be\/nl-be\/blog\/"]}]},{"@type":"BreadcrumbList","@id":"https:\/\/biogailly.be\/nl-be\/blog\/#breadcrumb","itemListElement":[{"@type":"ListItem","position":1,"name":"Accueil","item":"https:\/\/biogailly.be\/nl-be\/"},{"@type":"ListItem","position":2,"name":"Blog"}]},{"@type":"WebSite","@id":"https:\/\/biogailly.be\/#website","url":"https:\/\/biogailly.be\/","name":"Bio Gailly","description":"L\u00e9gumes bio du Guimpoux","potentialAction":[{"@type":"SearchAction","target":{"@type":"EntryPoint","urlTemplate":"https:\/\/biogailly.be\/?s={search_term_string}"},"query-input":{"@type":"PropertyValueSpecification","valueRequired":true,"valueName":"search_term_string"}}],"inLanguage":"nl-BE"}]}},"jetpack_sharing_enabled":true,"_links":{"self":[{"href":"https:\/\/biogailly.be\/nl-be\/wp-json\/wp\/v2\/pages\/1755","targetHints":{"allow":["GET"]}}],"collection":[{"href":"https:\/\/biogailly.be\/nl-be\/wp-json\/wp\/v2\/pages"}],"about":[{"href":"https:\/\/biogailly.be\/nl-be\/wp-json\/wp\/v2\/types\/page"}],"author":[{"embeddable":true,"href":"https:\/\/biogailly.be\/nl-be\/wp-json\/wp\/v2\/users\/1"}],"replies":[{"embeddable":true,"href":"https:\/\/biogailly.be\/nl-be\/wp-json\/wp\/v2\/comments?post=1755"}],"version-history":[{"count":1,"href":"https:\/\/biogailly.be\/nl-be\/wp-json\/wp\/v2\/pages\/1755\/revisions"}],"predecessor-version":[{"id":1756,"href":"https:\/\/biogailly.be\/nl-be\/wp-json\/wp\/v2\/pages\/1755\/revisions\/1756"}],"wp:attachment":[{"href":"https:\/\/biogailly.be\/nl-be\/wp-json\/wp\/v2\/media?parent=1755"}],"curies":[{"name":"wp","href":"https:\/\/api.w.org\/{rel}","templated":true}]}}