{"id":1757,"date":"2021-12-20T14:23:08","date_gmt":"2021-12-20T14:23:08","guid":{"rendered":"https:\/\/biogailly.be\/?page_id=1757"},"modified":"2022-04-11T07:16:10","modified_gmt":"2022-04-11T07:16:10","slug":"contact","status":"publish","type":"page","link":"https:\/\/biogailly.be\/nl-be\/contact\/","title":{"rendered":"Contact"},"content":{"rendered":"<div class=\"wpb-content-wrapper\"><p>[vc_row amy_add_container=&#8221;yes&#8221; css=&#8221;.vc_custom_1643365016070{margin-top: 40px !important;}&#8221;][vc_column css_animation=&#8221;fadeInUp&#8221;]<div class=\"smile_icon_list_wrap ult_info_list_container ult-adjust-bottom-margin  \"><ul class=\"smile_icon_list top circle with_bg\"><li class=\"icon_list_item\" style=\" font-size:75px;\"><div class=\"icon_list_icon\" data-animation=\"\" data-animation-delay=\"03\" style=\"font-size:25px;border-width:1px;border-style:none;background:;color:#ffffff;border-color:#333333;\"><img decoding=\"async\" class=\"list-img-icon\" alt=\"null\" src=\"https:\/\/biogailly.be\/wp-content\/uploads\/2022\/02\/BIOGAILLY_ELEMENTS_WEBSITE14-1024x1024.png\"\/><\/div><div class=\"icon_description\" id=\"Info-list-wrap-3114\" style=\"font-size:25px;\"><h3 class=\"ult-responsive info-list-heading\"  data-ultimate-target='#Info-list-wrap-3114 h3'  data-responsive-json-new='{\"font-size\":\"desktop:16px;\",\"line-height\":\"desktop:24px;\"}'  style=\"\">ADRES VAN DE WINKEL<\/h3><div class=\"icon_description_text ult-responsive\"  data-ultimate-target='#Info-list-wrap-3114 .icon_description_text'  data-responsive-json-new='{\"font-size\":\"desktop:13px;\",\"line-height\":\"desktop:18px;\"}'  style=\"\"><p><a href=\"https:\/\/www.google.fr\/maps\/place\/Le+Potager+du+Guimpoux\/@49.9080316,5.1452845,17z\/data=!3m1!4b1!4m5!3m4!1s0x47c1d538c65b960d:0xc976dfef6e62c965!8m2!3d49.9080314!4d5.1474731\" target=\"_blank\" rel=\"noopener\">Chemin de Guimpoux 5,<br \/>\nB-6850 PALISEUL (Belgique)<\/a><\/p>\n<\/div><\/div><div class=\"icon_list_connector\" data-animation=\"fadeInLeft\" data-animation-delay=\"03\" style=\"border-top-width: 1px;border-top-style: dashed;border-color: #333333;\"><\/div><\/li><li class=\"icon_list_item\" style=\" font-size:75px;\"><div class=\"icon_list_icon\" data-animation=\"\" data-animation-delay=\"03\" style=\"font-size:25px;border-width:1px;border-style:none;background:;color:#ffffff;border-color:#333333;\"><img decoding=\"async\" class=\"list-img-icon\" alt=\"null\" src=\"https:\/\/biogailly.be\/wp-content\/uploads\/2022\/02\/BIOGAILLY_ELEMENTS_WEBSITE16-1024x1024.png\"\/><\/div><div class=\"icon_description\" id=\"Info-list-wrap-1054\" style=\"font-size:25px;\"><h3 class=\"ult-responsive info-list-heading\"  data-ultimate-target='#Info-list-wrap-1054 h3'  data-responsive-json-new='{\"font-size\":\"desktop:16px;\",\"line-height\":\"desktop:24px;\"}'  style=\"\">TELEFOON<\/h3><div class=\"icon_description_text ult-responsive\"  data-ultimate-target='#Info-list-wrap-1054 .icon_description_text'  data-responsive-json-new='{\"font-size\":\"desktop:13px;\",\"line-height\":\"desktop:18px;\"}'  style=\"\"><p><a href=\"tel:+32474435109\">+32 474 43 51 09<\/a><\/p>\n<\/div><\/div><div class=\"icon_list_connector\" data-animation=\"fadeInLeft\" data-animation-delay=\"03\" style=\"border-top-width: 1px;border-top-style: dashed;border-color: #333333;\"><\/div><\/li><li class=\"icon_list_item\" style=\" font-size:75px;\"><div class=\"icon_list_icon\" data-animation=\"\" data-animation-delay=\"03\" style=\"font-size:25px;border-width:1px;border-style:none;background:;color:#ffffff;border-color:#333333;\"><img decoding=\"async\" class=\"list-img-icon\" alt=\"null\" src=\"https:\/\/biogailly.be\/wp-content\/uploads\/2022\/02\/BIOGAILLY_ELEMENTS_WEBSITE15-1024x1024.png\"\/><\/div><div class=\"icon_description\" id=\"Info-list-wrap-5068\" style=\"font-size:25px;\"><h3 class=\"ult-responsive info-list-heading\"  data-ultimate-target='#Info-list-wrap-5068 h3'  data-responsive-json-new='{\"font-size\":\"desktop:16px;\",\"line-height\":\"desktop:24px;\"}'  style=\"\">OPENINGSTIJDEN VAN DE WINKEL<\/h3><div class=\"icon_description_text ult-responsive\"  data-ultimate-target='#Info-list-wrap-5068 .icon_description_text'  data-responsive-json-new='{\"font-size\":\"desktop:13px;\",\"line-height\":\"desktop:18px;\"}'  style=\"\"><p><a>Dinsdag &#8211; Woensdag : 14:00 -18:30<br \/>\nVrijdag : 9:00-12:30 et 13:30-18:00<br \/>\nZaterdag : 9:00-17:00<\/a><\/p>\n<\/div><\/div><div class=\"icon_list_connector\" data-animation=\"fadeInLeft\" data-animation-delay=\"03\" style=\"border-top-width: 1px;border-top-style: dashed;border-color: #333333;\"><\/div><\/li><li class=\"icon_list_item\" style=\" font-size:75px;\"><div class=\"icon_list_icon\" data-animation=\"\" data-animation-delay=\"03\" style=\"font-size:25px;border-width:1px;border-style:none;background:;color:#ffffff;border-color:#333333;\"><img decoding=\"async\" class=\"list-img-icon\" alt=\"null\" src=\"https:\/\/biogailly.be\/wp-content\/uploads\/2022\/02\/BIOGAILLY_ELEMENTS_WEBSITE15-1-1024x1024.png\"\/><\/div><div class=\"icon_description\" id=\"Info-list-wrap-3103\" style=\"font-size:25px;\"><h3 class=\"ult-responsive info-list-heading\"  data-ultimate-target='#Info-list-wrap-3103 h3'  data-responsive-json-new='{\"font-size\":\"desktop:16px;\",\"line-height\":\"desktop:24px;\"}'  style=\"\">mail<\/h3><div class=\"icon_description_text ult-responsive\"  data-ultimate-target='#Info-list-wrap-3103 .icon_description_text'  data-responsive-json-new='{\"font-size\":\"desktop:13px;\",\"line-height\":\"desktop:18px;\"}'  style=\"\"><p><a href=\"mailto:info@biogailly.be\">info@biogailly.be<\/a><\/p>\n<\/div><\/div><div class=\"icon_list_connector\" data-animation=\"fadeInLeft\" data-animation-delay=\"03\" style=\"border-top-width: 1px;border-top-style: dashed;border-color: #333333;\"><\/div><\/li><\/ul><\/div>[\/vc_column][\/vc_row][vc_row el_class=&#8221;contact-page&#8221; css=&#8221;.vc_custom_1483931584548{background-color: #f8f8f8 !important;}&#8221;][vc_column css_animation=&#8221;fadeInLeft&#8221; width=&#8221;1\/2&#8243; css=&#8221;.vc_custom_1643367204757{margin-bottom: 0px !important;padding-top: 0px !important;padding-bottom: 0px !important;}&#8221;][vc_gmaps link=&#8221;#E-8_JTNDaWZyYW1lJTIwc3JjJTNEJTIyaHR0cHMlM0ElMkYlMkZ3d3cuZ29vZ2xlLmNvbSUyRm1hcHMlMkZlbWJlZCUzRnBiJTNEJTIxMW0xOCUyMTFtMTIlMjExbTMlMjExZDI1NjkuNTA4NDI1OTc1MTE2NiUyMTJkNS4xNDUyODQ1MTYwMTEwNiUyMTNkNDkuOTA4MDMxNTc5NDA0MTQ1JTIxMm0zJTIxMWYwJTIxMmYwJTIxM2YwJTIxM20yJTIxMWkxMDI0JTIxMmk3NjglMjE0ZjEzLjElMjEzbTMlMjExbTIlMjExczB4NDdjMWQ1MzhjNjViOTYwZCUyNTNBMHhjOTc2ZGZlZjZlNjJjOTY1JTIxMnNMZSUyNTIwUG90YWdlciUyNTIwZHUlMjUyMEd1aW1wb3V4JTIxNWUwJTIxM20yJTIxMXNmciUyMTJzbHUlMjE0djE2NDMzNjUyNzM5ODElMjE1bTIlMjExc2ZyJTIxMnNsdSUyMiUyMHdpZHRoJTNEJTIyODAwJTIyJTIwaGVpZ2h0JTNEJTIyNjAwJTIyJTIwc3R5bGUlM0QlMjJib3JkZXIlM0EwJTNCJTIyJTIwYWxsb3dmdWxsc2NyZWVuJTNEJTIyJTIyJTIwbG9hZGluZyUzRCUyMmxhenklMjIlM0UlM0MlMkZpZnJhbWUlM0U=&#8221; size=&#8221;620&#8243;][\/vc_column][vc_column css_animation=&#8221;fadeInRight&#8221; width=&#8221;1\/2&#8243; css=&#8221;.vc_custom_1643367213806{padding-top: 90px !important;padding-bottom: 60px !important;padding-left: 30px !important;}&#8221;]\n<div class=\"wpcf7 no-js\" id=\"wpcf7-f1762-o1\" lang=\"nl-BE\" dir=\"ltr\" data-wpcf7-id=\"1762\">\n<div class=\"screen-reader-response\"><p role=\"status\" aria-live=\"polite\" aria-atomic=\"true\"><\/p> <ul><\/ul><\/div>\n<form action=\"\/nl-be\/wp-json\/wp\/v2\/pages\/1757#wpcf7-f1762-o1\" method=\"post\" class=\"wpcf7-form init\" aria-label=\"Contactformulier\" novalidate=\"novalidate\" data-status=\"init\">\n<div style=\"display: none;\">\n<input type=\"hidden\" name=\"_wpcf7\" value=\"1762\" \/>\n<input type=\"hidden\" name=\"_wpcf7_version\" value=\"6.0.5\" \/>\n<input type=\"hidden\" name=\"_wpcf7_locale\" value=\"nl_BE\" \/>\n<input type=\"hidden\" name=\"_wpcf7_unit_tag\" value=\"wpcf7-f1762-o1\" \/>\n<input type=\"hidden\" name=\"_wpcf7_container_post\" value=\"0\" \/>\n<input type=\"hidden\" name=\"_wpcf7_posted_data_hash\" value=\"\" \/>\n<input type=\"hidden\" name=\"_wpcf7_recaptcha_response\" value=\"\" \/>\n<\/div>\n<div class=\"amy-contact-wrapper\">\n\t<h3 style=\"color:#1a4d2a\">STUUR ONS EEN BERICHT\n\t<\/h3>\n\t<div class=\"row margin-bottom-15\">\n\t\t<div class=\"col-md-6\">\n\t\t\t<p><label> Naam, voornaam*<br \/>\n<span class=\"wpcf7-form-control-wrap\" data-name=\"your-name\"><input size=\"40\" maxlength=\"400\" class=\"wpcf7-form-control wpcf7-text wpcf7-validates-as-required\" aria-required=\"true\" aria-invalid=\"false\" value=\"\" type=\"text\" name=\"your-name\" \/><\/span> <\/label>\n\t\t\t<\/p>\n\t\t<\/div>\n\t\t<div class=\"col-md-6\">\n\t\t\t<p><label>E-mail*<br \/>\n<span class=\"wpcf7-form-control-wrap\" data-name=\"your-email\"><input size=\"40\" maxlength=\"400\" class=\"wpcf7-form-control wpcf7-email wpcf7-validates-as-required wpcf7-text wpcf7-validates-as-email\" aria-required=\"true\" aria-invalid=\"false\" value=\"\" type=\"email\" name=\"your-email\" \/><\/span> <\/label>\n\t\t\t<\/p>\n\t\t<\/div>\n\t<\/div>\n\t<div class=\"row margin-bottom-15\">\n\t\t<div class=\"col-md-6\">\n\t\t\t<p><label> Telefoon*<br \/>\n<span class=\"wpcf7-form-control-wrap\" data-name=\"tel-45\"><input size=\"40\" maxlength=\"400\" class=\"wpcf7-form-control wpcf7-tel wpcf7-validates-as-required wpcf7-text wpcf7-validates-as-tel\" aria-required=\"true\" aria-invalid=\"false\" value=\"\" type=\"tel\" name=\"tel-45\" \/><\/span> <\/label>\n\t\t\t<\/p>\n\t\t<\/div>\n\t<\/div>\n\t<p><label> Bericht<br \/>\n<span class=\"wpcf7-form-control-wrap\" data-name=\"your-message\"><textarea cols=\"58\" rows=\"6\" maxlength=\"2000\" class=\"wpcf7-form-control wpcf7-textarea\" aria-invalid=\"false\" name=\"your-message\"><\/textarea><\/span> <\/label>\n\t<\/p>\n\t<p><span class=\"wpcf7-form-control-wrap\" data-name=\"acceptance-428\"><span class=\"wpcf7-form-control wpcf7-acceptance\"><span class=\"wpcf7-list-item\"><label><input type=\"checkbox\" name=\"acceptance-428\" value=\"1\" aria-invalid=\"false\" \/><span class=\"wpcf7-list-item-label\">Door dit formulier in te dienen, stem ik ermee in dat de ingevulde informatie gebruikt wordt in het kader van mijn informatieaanvraag met betrekking tot de door de onderneming BioGailly geleverde prestaties.<\/span><\/label><\/span><\/span><\/span>\n\t<\/p>\n\t<p><input class=\"wpcf7-form-control wpcf7-submit has-spinner\" type=\"submit\" value=\"VERZENDEN\" \/>\n\t<\/p>\n<\/div><div class=\"wpcf7-response-output\" aria-hidden=\"true\"><\/div>\n<\/form>\n<\/div>\n[\/vc_column][\/vc_row]<\/p>\n<\/div>","protected":false},"excerpt":{"rendered":"<p>[vc_row amy_add_container=&#8221;yes&#8221; css=&#8221;.vc_custom_1643365016070{margin-top: 40px !important;}&#8221;][vc_column css_animation=&#8221;fadeInUp&#8221;][\/vc_column][\/vc_row][vc_row el_class=&#8221;contact-page&#8221; css=&#8221;.vc_custom_1483931584548{background-color: #f8f8f8 !important;}&#8221;][vc_column css_animation=&#8221;fadeInLeft&#8221; width=&#8221;1\/2&#8243; css=&#8221;.vc_custom_1643367204757{margin-bottom: 0px !important;padding-top: 0px !important;padding-bottom: 0px !important;}&#8221;][vc_gmaps link=&#8221;#E-8_JTNDaWZyYW1lJTIwc3JjJTNEJTIyaHR0cHMlM0ElMkYlMkZ3d3cuZ29vZ2xlLmNvbSUyRm1hcHMlMkZlbWJlZCUzRnBiJTNEJTIxMW0xOCUyMTFtMTIlMjExbTMlMjExZDI1NjkuNTA4NDI1OTc1MTE2NiUyMTJkNS4xNDUyODQ1MTYwMTEwNiUyMTNkNDkuOTA4MDMxNTc5NDA0MTQ1JTIxMm0zJTIxMWYwJTIxMmYwJTIxM2YwJTIxM20yJTIxMWkxMDI0JTIxMmk3NjglMjE0ZjEzLjElMjEzbTMlMjExbTIlMjExczB4NDdjMWQ1MzhjNjViOTYwZCUyNTNBMHhjOTc2ZGZlZjZlNjJjOTY1JTIxMnNMZSUyNTIwUG90YWdlciUyNTIwZHUlMjUyMEd1aW1wb3V4JTIxNWUwJTIxM20yJTIxMXNmciUyMTJzbHUlMjE0djE2NDMzNjUyNzM5ODElMjE1bTIlMjExc2ZyJTIxMnNsdSUyMiUyMHdpZHRoJTNEJTIyODAwJTIyJTIwaGVpZ2h0JTNEJTIyNjAwJTIyJTIwc3R5bGUlM0QlMjJib3JkZXIlM0EwJTNCJTIyJTIwYWxsb3dmdWxsc2NyZWVuJTNEJTIyJTIyJTIwbG9hZGluZyUzRCUyMmxhenklMjIlM0UlM0MlMkZpZnJhbWUlM0U=&#8221; size=&#8221;620&#8243;][\/vc_column][vc_column css_animation=&#8221;fadeInRight&#8221; width=&#8221;1\/2&#8243; css=&#8221;.vc_custom_1643367213806{padding-top: 90px !important;padding-bottom: 60px !important;padding-left: 30px !important;}&#8221;][\/vc_column][\/vc_row]<\/p>\n","protected":false},"author":1,"featured_media":0,"parent":0,"menu_order":0,"comment_status":"closed","ping_status":"closed","template":"","meta":{"footnotes":""},"class_list":["post-1757","page","type-page","status-publish","hentry"],"yoast_head":"<!-- This site is optimized with the Yoast SEO plugin v24.6 - https:\/\/yoast.com\/wordpress\/plugins\/seo\/ -->\n<title>Contact - Bio Gailly - L\u00e9gumes bio du Guimpoux, production certifi\u00e9e<\/title>\n<meta name=\"description\" content=\"Une question sur les services propos\u00e9s par BioGailly ? Contactez l&#039;\u00e9quipe de votre mara\u00eecher bio de Paliseul dans les ardennes belges.\" \/>\n<meta name=\"robots\" content=\"index, follow, max-snippet:-1, max-image-preview:large, max-video-preview:-1\" \/>\n<link rel=\"canonical\" href=\"https:\/\/biogailly.be\/nl-be\/contact\/\" \/>\n<meta property=\"og:locale\" content=\"nl_BE\" \/>\n<meta property=\"og:type\" content=\"article\" \/>\n<meta property=\"og:title\" content=\"Contact - Bio Gailly - L\u00e9gumes bio du Guimpoux, production certifi\u00e9e\" \/>\n<meta property=\"og:description\" content=\"Une question sur les services propos\u00e9s par BioGailly ? Contactez l&#039;\u00e9quipe de votre mara\u00eecher bio de Paliseul dans les ardennes belges.\" \/>\n<meta property=\"og:url\" content=\"https:\/\/biogailly.be\/nl-be\/contact\/\" \/>\n<meta property=\"og:site_name\" content=\"Bio Gailly\" \/>\n<meta property=\"article:modified_time\" content=\"2022-04-11T07:16:10+00:00\" \/>\n<meta name=\"twitter:card\" content=\"summary_large_image\" \/>\n<meta name=\"twitter:label1\" content=\"Geschatte leestijd\" \/>\n\t<meta name=\"twitter:data1\" content=\"1 minuut\" \/>\n<script type=\"application\/ld+json\" class=\"yoast-schema-graph\">{\"@context\":\"https:\/\/schema.org\",\"@graph\":[{\"@type\":\"WebPage\",\"@id\":\"https:\/\/biogailly.be\/nl-be\/contact\/\",\"url\":\"https:\/\/biogailly.be\/nl-be\/contact\/\",\"name\":\"Contact - Bio Gailly - L\u00e9gumes bio du Guimpoux, production certifi\u00e9e\",\"isPartOf\":{\"@id\":\"https:\/\/biogailly.be\/#website\"},\"datePublished\":\"2021-12-20T14:23:08+00:00\",\"dateModified\":\"2022-04-11T07:16:10+00:00\",\"description\":\"Une question sur les services propos\u00e9s par BioGailly ? Contactez l'\u00e9quipe de votre mara\u00eecher bio de Paliseul dans les ardennes belges.\",\"breadcrumb\":{\"@id\":\"https:\/\/biogailly.be\/nl-be\/contact\/#breadcrumb\"},\"inLanguage\":\"nl-BE\",\"potentialAction\":[{\"@type\":\"ReadAction\",\"target\":[\"https:\/\/biogailly.be\/nl-be\/contact\/\"]}]},{\"@type\":\"BreadcrumbList\",\"@id\":\"https:\/\/biogailly.be\/nl-be\/contact\/#breadcrumb\",\"itemListElement\":[{\"@type\":\"ListItem\",\"position\":1,\"name\":\"Accueil\",\"item\":\"https:\/\/biogailly.be\/nl-be\/\"},{\"@type\":\"ListItem\",\"position\":2,\"name\":\"Contact\"}]},{\"@type\":\"WebSite\",\"@id\":\"https:\/\/biogailly.be\/#website\",\"url\":\"https:\/\/biogailly.be\/\",\"name\":\"Bio Gailly\",\"description\":\"L\u00e9gumes bio du Guimpoux\",\"potentialAction\":[{\"@type\":\"SearchAction\",\"target\":{\"@type\":\"EntryPoint\",\"urlTemplate\":\"https:\/\/biogailly.be\/?s={search_term_string}\"},\"query-input\":{\"@type\":\"PropertyValueSpecification\",\"valueRequired\":true,\"valueName\":\"search_term_string\"}}],\"inLanguage\":\"nl-BE\"}]}<\/script>\n<!-- \/ Yoast SEO plugin. -->","yoast_head_json":{"title":"Contact - Bio Gailly - L\u00e9gumes bio du Guimpoux, production certifi\u00e9e","description":"Une question sur les services propos\u00e9s par BioGailly ? Contactez l'\u00e9quipe de votre mara\u00eecher bio de Paliseul dans les ardennes belges.","robots":{"index":"index","follow":"follow","max-snippet":"max-snippet:-1","max-image-preview":"max-image-preview:large","max-video-preview":"max-video-preview:-1"},"canonical":"https:\/\/biogailly.be\/nl-be\/contact\/","og_locale":"nl_BE","og_type":"article","og_title":"Contact - Bio Gailly - L\u00e9gumes bio du Guimpoux, production certifi\u00e9e","og_description":"Une question sur les services propos\u00e9s par BioGailly ? Contactez l'\u00e9quipe de votre mara\u00eecher bio de Paliseul dans les ardennes belges.","og_url":"https:\/\/biogailly.be\/nl-be\/contact\/","og_site_name":"Bio Gailly","article_modified_time":"2022-04-11T07:16:10+00:00","twitter_card":"summary_large_image","twitter_misc":{"Geschatte leestijd":"1 minuut"},"schema":{"@context":"https:\/\/schema.org","@graph":[{"@type":"WebPage","@id":"https:\/\/biogailly.be\/nl-be\/contact\/","url":"https:\/\/biogailly.be\/nl-be\/contact\/","name":"Contact - Bio Gailly - L\u00e9gumes bio du Guimpoux, production certifi\u00e9e","isPartOf":{"@id":"https:\/\/biogailly.be\/#website"},"datePublished":"2021-12-20T14:23:08+00:00","dateModified":"2022-04-11T07:16:10+00:00","description":"Une question sur les services propos\u00e9s par BioGailly ? Contactez l'\u00e9quipe de votre mara\u00eecher bio de Paliseul dans les ardennes belges.","breadcrumb":{"@id":"https:\/\/biogailly.be\/nl-be\/contact\/#breadcrumb"},"inLanguage":"nl-BE","potentialAction":[{"@type":"ReadAction","target":["https:\/\/biogailly.be\/nl-be\/contact\/"]}]},{"@type":"BreadcrumbList","@id":"https:\/\/biogailly.be\/nl-be\/contact\/#breadcrumb","itemListElement":[{"@type":"ListItem","position":1,"name":"Accueil","item":"https:\/\/biogailly.be\/nl-be\/"},{"@type":"ListItem","position":2,"name":"Contact"}]},{"@type":"WebSite","@id":"https:\/\/biogailly.be\/#website","url":"https:\/\/biogailly.be\/","name":"Bio Gailly","description":"L\u00e9gumes bio du Guimpoux","potentialAction":[{"@type":"SearchAction","target":{"@type":"EntryPoint","urlTemplate":"https:\/\/biogailly.be\/?s={search_term_string}"},"query-input":{"@type":"PropertyValueSpecification","valueRequired":true,"valueName":"search_term_string"}}],"inLanguage":"nl-BE"}]}},"jetpack_sharing_enabled":true,"_links":{"self":[{"href":"https:\/\/biogailly.be\/nl-be\/wp-json\/wp\/v2\/pages\/1757","targetHints":{"allow":["GET"]}}],"collection":[{"href":"https:\/\/biogailly.be\/nl-be\/wp-json\/wp\/v2\/pages"}],"about":[{"href":"https:\/\/biogailly.be\/nl-be\/wp-json\/wp\/v2\/types\/page"}],"author":[{"embeddable":true,"href":"https:\/\/biogailly.be\/nl-be\/wp-json\/wp\/v2\/users\/1"}],"replies":[{"embeddable":true,"href":"https:\/\/biogailly.be\/nl-be\/wp-json\/wp\/v2\/comments?post=1757"}],"version-history":[{"count":4,"href":"https:\/\/biogailly.be\/nl-be\/wp-json\/wp\/v2\/pages\/1757\/revisions"}],"predecessor-version":[{"id":1792,"href":"https:\/\/biogailly.be\/nl-be\/wp-json\/wp\/v2\/pages\/1757\/revisions\/1792"}],"wp:attachment":[{"href":"https:\/\/biogailly.be\/nl-be\/wp-json\/wp\/v2\/media?parent=1757"}],"curies":[{"name":"wp","href":"https:\/\/api.w.org\/{rel}","templated":true}]}}